{"id":808,"date":"2023-09-14T21:43:07","date_gmt":"2023-09-14T18:43:07","guid":{"rendered":"https:\/\/www.nailobrewing.fi\/?post_type=product&#038;p=808"},"modified":"2025-11-06T12:58:48","modified_gmt":"2025-11-06T10:58:48","slug":"nailo-tote-bag","status":"publish","type":"product","link":"https:\/\/www.nailobrewing.fi\/en\/product\/nailo-tote-bag\/","title":{"rendered":"na\u00eflo tote bag"},"content":{"rendered":"<p>na\u00eflo tote bag in Carribean blue<\/p>\n<p>Our merch was printed in local print shop. It is durable and will withstand multiple washes. Avoid excessive stretching and ironing over the print as it cause damages.<\/p>\n<p>100% GOTS certified organic cotton, made responsibly<\/p>\n","protected":false},"excerpt":{"rendered":"<p>100% organic cotton na\u00eflo tote bag<\/p>\n","protected":false},"featured_media":811,"template":"","meta":{"_monsterinsights_skip_tracking":false,"_monsterinsights_sitenote_active":false,"_monsterinsights_sitenote_note":"","_monsterinsights_sitenote_category":0,"neve_meta_sidebar":"","neve_meta_container":"","neve_meta_enable_content_width":"off","neve_meta_content_width":100,"neve_meta_title_alignment":"","neve_meta_author_avatar":"","neve_post_elements_order":"","neve_meta_disable_header":"","neve_meta_disable_footer":"","neve_meta_disable_title":"","neve_meta_reading_time":"","_themeisle_gutenberg_block_has_review":false},"product_brand":[],"product_cat":[28],"product_tag":[],"class_list":{"0":"post-808","1":"product","2":"type-product","3":"status-publish","4":"has-post-thumbnail","6":"product_cat-merchandise","8":"first","9":"instock","10":"taxable","11":"shipping-taxable","12":"purchasable","13":"product-type-variable"},"yoast_head":"<!-- This site is optimized with the Yoast SEO plugin v27.3 - https:\/\/yoast.com\/product\/yoast-seo-wordpress\/ -->\n<title>na\u00eflo tote bag - na\u00eflo brewing co.<\/title>\n<meta name=\"robots\" content=\"index, follow, max-snippet:-1, max-image-preview:large, max-video-preview:-1\" \/>\n<link rel=\"canonical\" href=\"https:\/\/www.nailobrewing.fi\/tuote\/nailo-kangaskassi\/\" \/>\n<meta property=\"og:locale\" content=\"en_US\" \/>\n<meta property=\"og:type\" content=\"article\" \/>\n<meta property=\"og:title\" content=\"na\u00eflo tote bag - na\u00eflo brewing co.\" \/>\n<meta property=\"og:description\" content=\"100% organic cotton na\u00eflo tote bag\" \/>\n<meta property=\"og:url\" content=\"https:\/\/www.nailobrewing.fi\/tuote\/nailo-kangaskassi\/\" \/>\n<meta property=\"og:site_name\" content=\"na\u00eflo brewing co.\" \/>\n<meta property=\"article:publisher\" content=\"https:\/\/www.facebook.com\/nailobrewingco\/\" \/>\n<meta property=\"article:modified_time\" content=\"2025-11-06T10:58:48+00:00\" \/>\n<meta property=\"og:image\" content=\"https:\/\/www.nailobrewing.fi\/wp-content\/uploads\/2023\/09\/tote_caribbean_blue.png\" \/>\n\t<meta property=\"og:image:width\" content=\"1600\" \/>\n\t<meta property=\"og:image:height\" content=\"2000\" \/>\n\t<meta property=\"og:image:type\" content=\"image\/png\" \/>\n<meta name=\"twitter:card\" content=\"summary_large_image\" \/>\n<meta name=\"twitter:label1\" content=\"Est. reading time\" \/>\n\t<meta name=\"twitter:data1\" content=\"1 minute\" \/>\n<script type=\"application\/ld+json\" class=\"yoast-schema-graph\">{\"@context\":\"https:\\\/\\\/schema.org\",\"@graph\":[{\"@type\":\"WebPage\",\"@id\":\"https:\\\/\\\/www.nailobrewing.fi\\\/tuote\\\/nailo-kangaskassi\\\/\",\"url\":\"https:\\\/\\\/www.nailobrewing.fi\\\/tuote\\\/nailo-kangaskassi\\\/\",\"name\":\"na\u00eflo tote bag - na\u00eflo brewing co.\",\"isPartOf\":{\"@id\":\"https:\\\/\\\/www.nailobrewing.fi\\\/en\\\/#website\"},\"primaryImageOfPage\":{\"@id\":\"https:\\\/\\\/www.nailobrewing.fi\\\/tuote\\\/nailo-kangaskassi\\\/#primaryimage\"},\"image\":{\"@id\":\"https:\\\/\\\/www.nailobrewing.fi\\\/tuote\\\/nailo-kangaskassi\\\/#primaryimage\"},\"thumbnailUrl\":\"https:\\\/\\\/www.nailobrewing.fi\\\/wp-content\\\/uploads\\\/2023\\\/09\\\/tote_caribbean_blue.png\",\"datePublished\":\"2023-09-14T18:43:07+00:00\",\"dateModified\":\"2025-11-06T10:58:48+00:00\",\"breadcrumb\":{\"@id\":\"https:\\\/\\\/www.nailobrewing.fi\\\/tuote\\\/nailo-kangaskassi\\\/#breadcrumb\"},\"inLanguage\":\"en-US\",\"potentialAction\":[{\"@type\":\"ReadAction\",\"target\":[\"https:\\\/\\\/www.nailobrewing.fi\\\/tuote\\\/nailo-kangaskassi\\\/\"]}]},{\"@type\":\"ImageObject\",\"inLanguage\":\"en-US\",\"@id\":\"https:\\\/\\\/www.nailobrewing.fi\\\/tuote\\\/nailo-kangaskassi\\\/#primaryimage\",\"url\":\"https:\\\/\\\/www.nailobrewing.fi\\\/wp-content\\\/uploads\\\/2023\\\/09\\\/tote_caribbean_blue.png\",\"contentUrl\":\"https:\\\/\\\/www.nailobrewing.fi\\\/wp-content\\\/uploads\\\/2023\\\/09\\\/tote_caribbean_blue.png\",\"width\":1600,\"height\":2000},{\"@type\":\"BreadcrumbList\",\"@id\":\"https:\\\/\\\/www.nailobrewing.fi\\\/tuote\\\/nailo-kangaskassi\\\/#breadcrumb\",\"itemListElement\":[{\"@type\":\"ListItem\",\"position\":1,\"name\":\"Home\",\"item\":\"https:\\\/\\\/www.nailobrewing.fi\\\/en\\\/\"},{\"@type\":\"ListItem\",\"position\":2,\"name\":\"Shop\",\"item\":\"https:\\\/\\\/www.nailobrewing.fi\\\/shop-2\\\/\"},{\"@type\":\"ListItem\",\"position\":3,\"name\":\"na\u00eflo tote bag\"}]},{\"@type\":\"WebSite\",\"@id\":\"https:\\\/\\\/www.nailobrewing.fi\\\/en\\\/#website\",\"url\":\"https:\\\/\\\/www.nailobrewing.fi\\\/en\\\/\",\"name\":\"na\u00eflo brewing co.\",\"description\":\"\",\"publisher\":{\"@id\":\"https:\\\/\\\/www.nailobrewing.fi\\\/en\\\/#organization\"},\"potentialAction\":[{\"@type\":\"SearchAction\",\"target\":{\"@type\":\"EntryPoint\",\"urlTemplate\":\"https:\\\/\\\/www.nailobrewing.fi\\\/en\\\/?s={search_term_string}\"},\"query-input\":{\"@type\":\"PropertyValueSpecification\",\"valueRequired\":true,\"valueName\":\"search_term_string\"}}],\"inLanguage\":\"en-US\"},{\"@type\":\"Organization\",\"@id\":\"https:\\\/\\\/www.nailobrewing.fi\\\/en\\\/#organization\",\"name\":\"na\u00eflo brewing co.\",\"url\":\"https:\\\/\\\/www.nailobrewing.fi\\\/en\\\/\",\"logo\":{\"@type\":\"ImageObject\",\"inLanguage\":\"en-US\",\"@id\":\"https:\\\/\\\/www.nailobrewing.fi\\\/en\\\/#\\\/schema\\\/logo\\\/image\\\/\",\"url\":\"https:\\\/\\\/www.nailobrewing.fi\\\/wp-content\\\/uploads\\\/2023\\\/09\\\/nailo-logo.png\",\"contentUrl\":\"https:\\\/\\\/www.nailobrewing.fi\\\/wp-content\\\/uploads\\\/2023\\\/09\\\/nailo-logo.png\",\"width\":300,\"height\":567,\"caption\":\"na\u00eflo brewing co.\"},\"image\":{\"@id\":\"https:\\\/\\\/www.nailobrewing.fi\\\/en\\\/#\\\/schema\\\/logo\\\/image\\\/\"},\"sameAs\":[\"https:\\\/\\\/www.facebook.com\\\/nailobrewingco\\\/\"]}]}<\/script>\n<!-- \/ Yoast SEO plugin. -->","yoast_head_json":{"title":"na\u00eflo tote bag - na\u00eflo brewing co.","robots":{"index":"index","follow":"follow","max-snippet":"max-snippet:-1","max-image-preview":"max-image-preview:large","max-video-preview":"max-video-preview:-1"},"canonical":"https:\/\/www.nailobrewing.fi\/tuote\/nailo-kangaskassi\/","og_locale":"en_US","og_type":"article","og_title":"na\u00eflo tote bag - na\u00eflo brewing co.","og_description":"100% organic cotton na\u00eflo tote bag","og_url":"https:\/\/www.nailobrewing.fi\/tuote\/nailo-kangaskassi\/","og_site_name":"na\u00eflo brewing co.","article_publisher":"https:\/\/www.facebook.com\/nailobrewingco\/","article_modified_time":"2025-11-06T10:58:48+00:00","og_image":[{"width":1600,"height":2000,"url":"https:\/\/www.nailobrewing.fi\/wp-content\/uploads\/2023\/09\/tote_caribbean_blue.png","type":"image\/png"}],"twitter_card":"summary_large_image","twitter_misc":{"Est. reading time":"1 minute"},"schema":{"@context":"https:\/\/schema.org","@graph":[{"@type":"WebPage","@id":"https:\/\/www.nailobrewing.fi\/tuote\/nailo-kangaskassi\/","url":"https:\/\/www.nailobrewing.fi\/tuote\/nailo-kangaskassi\/","name":"na\u00eflo tote bag - na\u00eflo brewing co.","isPartOf":{"@id":"https:\/\/www.nailobrewing.fi\/en\/#website"},"primaryImageOfPage":{"@id":"https:\/\/www.nailobrewing.fi\/tuote\/nailo-kangaskassi\/#primaryimage"},"image":{"@id":"https:\/\/www.nailobrewing.fi\/tuote\/nailo-kangaskassi\/#primaryimage"},"thumbnailUrl":"https:\/\/www.nailobrewing.fi\/wp-content\/uploads\/2023\/09\/tote_caribbean_blue.png","datePublished":"2023-09-14T18:43:07+00:00","dateModified":"2025-11-06T10:58:48+00:00","breadcrumb":{"@id":"https:\/\/www.nailobrewing.fi\/tuote\/nailo-kangaskassi\/#breadcrumb"},"inLanguage":"en-US","potentialAction":[{"@type":"ReadAction","target":["https:\/\/www.nailobrewing.fi\/tuote\/nailo-kangaskassi\/"]}]},{"@type":"ImageObject","inLanguage":"en-US","@id":"https:\/\/www.nailobrewing.fi\/tuote\/nailo-kangaskassi\/#primaryimage","url":"https:\/\/www.nailobrewing.fi\/wp-content\/uploads\/2023\/09\/tote_caribbean_blue.png","contentUrl":"https:\/\/www.nailobrewing.fi\/wp-content\/uploads\/2023\/09\/tote_caribbean_blue.png","width":1600,"height":2000},{"@type":"BreadcrumbList","@id":"https:\/\/www.nailobrewing.fi\/tuote\/nailo-kangaskassi\/#breadcrumb","itemListElement":[{"@type":"ListItem","position":1,"name":"Home","item":"https:\/\/www.nailobrewing.fi\/en\/"},{"@type":"ListItem","position":2,"name":"Shop","item":"https:\/\/www.nailobrewing.fi\/shop-2\/"},{"@type":"ListItem","position":3,"name":"na\u00eflo tote bag"}]},{"@type":"WebSite","@id":"https:\/\/www.nailobrewing.fi\/en\/#website","url":"https:\/\/www.nailobrewing.fi\/en\/","name":"na\u00eflo brewing co.","description":"","publisher":{"@id":"https:\/\/www.nailobrewing.fi\/en\/#organization"},"potentialAction":[{"@type":"SearchAction","target":{"@type":"EntryPoint","urlTemplate":"https:\/\/www.nailobrewing.fi\/en\/?s={search_term_string}"},"query-input":{"@type":"PropertyValueSpecification","valueRequired":true,"valueName":"search_term_string"}}],"inLanguage":"en-US"},{"@type":"Organization","@id":"https:\/\/www.nailobrewing.fi\/en\/#organization","name":"na\u00eflo brewing co.","url":"https:\/\/www.nailobrewing.fi\/en\/","logo":{"@type":"ImageObject","inLanguage":"en-US","@id":"https:\/\/www.nailobrewing.fi\/en\/#\/schema\/logo\/image\/","url":"https:\/\/www.nailobrewing.fi\/wp-content\/uploads\/2023\/09\/nailo-logo.png","contentUrl":"https:\/\/www.nailobrewing.fi\/wp-content\/uploads\/2023\/09\/nailo-logo.png","width":300,"height":567,"caption":"na\u00eflo brewing co."},"image":{"@id":"https:\/\/www.nailobrewing.fi\/en\/#\/schema\/logo\/image\/"},"sameAs":["https:\/\/www.facebook.com\/nailobrewingco\/"]}]}},"jetpack_sharing_enabled":true,"_links":{"self":[{"href":"https:\/\/www.nailobrewing.fi\/en\/wp-json\/wp\/v2\/product\/808","targetHints":{"allow":["GET"]}}],"collection":[{"href":"https:\/\/www.nailobrewing.fi\/en\/wp-json\/wp\/v2\/product"}],"about":[{"href":"https:\/\/www.nailobrewing.fi\/en\/wp-json\/wp\/v2\/types\/product"}],"wp:featuredmedia":[{"embeddable":true,"href":"https:\/\/www.nailobrewing.fi\/en\/wp-json\/wp\/v2\/media\/811"}],"wp:attachment":[{"href":"https:\/\/www.nailobrewing.fi\/en\/wp-json\/wp\/v2\/media?parent=808"}],"wp:term":[{"taxonomy":"product_brand","embeddable":true,"href":"https:\/\/www.nailobrewing.fi\/en\/wp-json\/wp\/v2\/product_brand?post=808"},{"taxonomy":"product_cat","embeddable":true,"href":"https:\/\/www.nailobrewing.fi\/en\/wp-json\/wp\/v2\/product_cat?post=808"},{"taxonomy":"product_tag","embeddable":true,"href":"https:\/\/www.nailobrewing.fi\/en\/wp-json\/wp\/v2\/product_tag?post=808"}],"curies":[{"name":"wp","href":"https:\/\/api.w.org\/{rel}","templated":true}]}}