{"id":2343,"date":"2025-11-07T13:49:32","date_gmt":"2025-11-07T11:49:32","guid":{"rendered":"https:\/\/www.nailobrewing.fi\/?post_type=product&#038;p=2343"},"modified":"2025-12-15T14:06:08","modified_gmt":"2025-12-15T12:06:08","slug":"svatovaclavsky-special","status":"publish","type":"product","link":"https:\/\/www.nailobrewing.fi\/en\/product\/svatovaclavsky-special\/","title":{"rendered":"Svatov\u00e1clavsk\u00fd speci\u00e1l"},"content":{"rendered":"<p>Oh, holy Wenceslaus!<\/p>\n<p><strong>Svatov\u00e1clavsk\u00fd Speci\u00e1l<\/strong> is a Czech lager brewed with whole leaf Saaz hops, which we hauled ourselves straight from the fields of Czech &#8220;hop mekka&#8221; \u2013 \u017datec. Along with Saaz, we also used Sl\u00e1dek hop pellets from the same region. These two hop varieties lend the beer subtle spicy, woody, and herbal notes. On the Plato gravity scale, used not only to measure the sugar content of the wort but also to label and classify beers in Czechia, <strong>Svatov\u00e1clavsk\u00fd Speci\u00e1l<\/strong> comes in at 13 degrees. In Czech brewing terms, the magical threshold of 13\u00b0 transforms a standard lager (le\u017e\u00e1k) into what\u2019s officially known as a <em>pivn\u00ed speci\u00e1l<\/em>, or \u201cspecial beer.\u201d That means that this <em>pivn\u00ed speci\u00e1l<\/em> is just a little bit stronger, darker, and more bitter than an ordinary lager. But make no mistake, it\u2019s still very much a pilsner!<\/p>\n<p>Traditionally brewed in autumn, <strong>Svatov\u00e1clavsk\u00fd Speci\u00e1l<\/strong> is named in honor of Saint Wenceslas \u2014 <em>Svat\u00fd V\u00e1clav <\/em>to the Czechs \u2014 the patron saint of beer, brewers, and, funnily enough, the Czech nation itself. There\u2019s no precise definition of what <strong>Svatov\u00e1clavsk\u00fd Speci\u00e1l<\/strong> must be. The only expectation is that it should be something a little out of the ordinary. Well, this is how we see it!<\/p>\n","protected":false},"excerpt":{"rendered":"<p>13\u00b0 Czech Pilsner<\/p>\n","protected":false},"featured_media":2302,"template":"","meta":{"_monsterinsights_skip_tracking":false,"_monsterinsights_sitenote_active":false,"_monsterinsights_sitenote_note":"","_monsterinsights_sitenote_category":0,"neve_meta_sidebar":"","neve_meta_container":"","neve_meta_enable_content_width":"off","neve_meta_content_width":100,"neve_meta_title_alignment":"","neve_meta_author_avatar":"","neve_post_elements_order":"","neve_meta_disable_header":"","neve_meta_disable_footer":"","neve_meta_disable_title":"","neve_meta_reading_time":"","_themeisle_gutenberg_block_has_review":false},"product_brand":[],"product_cat":[20,35],"product_tag":[],"class_list":{"0":"post-2343","1":"product","2":"type-product","3":"status-publish","4":"has-post-thumbnail","6":"product_cat-craft-beer","7":"product_cat-lagers","9":"first","10":"outofstock","11":"taxable","12":"shipping-taxable","13":"purchasable","14":"product-type-simple"},"yoast_head":"<!-- This site is optimized with the Yoast SEO plugin v27.3 - https:\/\/yoast.com\/product\/yoast-seo-wordpress\/ -->\n<title>Svatov\u00e1clavsk\u00fd speci\u00e1l, 13\u00b0 Czech pilsner<\/title>\n<meta name=\"description\" content=\"Svatov\u00e1clavsk\u00fd Speci\u00e1l is a 13\u00b0 Czech Pilsner brewed with Saaz and Sl\u00e1dek hops. These varieties lend is a subtle spicy and herbal notes.\" \/>\n<meta name=\"robots\" content=\"index, follow, max-snippet:-1, max-image-preview:large, max-video-preview:-1\" \/>\n<link rel=\"canonical\" href=\"https:\/\/www.nailobrewing.fi\/en\/product\/svatovaclavsky-special\/\" \/>\n<meta property=\"og:locale\" content=\"en_US\" \/>\n<meta property=\"og:type\" content=\"article\" \/>\n<meta property=\"og:title\" content=\"Svatov\u00e1clavsk\u00fd speci\u00e1l, 13\u00b0 Czech pilsner\" \/>\n<meta property=\"og:description\" content=\"Svatov\u00e1clavsk\u00fd Speci\u00e1l is a 13\u00b0 Czech Pilsner brewed with Saaz and Sl\u00e1dek hops. These varieties lend is a subtle spicy and herbal notes.\" \/>\n<meta property=\"og:url\" content=\"https:\/\/www.nailobrewing.fi\/en\/product\/svatovaclavsky-special\/\" \/>\n<meta property=\"og:site_name\" content=\"na\u00eflo brewing co.\" \/>\n<meta property=\"article:publisher\" content=\"https:\/\/www.facebook.com\/nailobrewingco\/\" \/>\n<meta property=\"article:modified_time\" content=\"2025-12-15T12:06:08+00:00\" \/>\n<meta property=\"og:image\" content=\"https:\/\/www.nailobrewing.fi\/wp-content\/uploads\/2025\/10\/svato_mockup.webp\" \/>\n\t<meta property=\"og:image:width\" content=\"800\" \/>\n\t<meta property=\"og:image:height\" content=\"800\" \/>\n\t<meta property=\"og:image:type\" content=\"image\/webp\" \/>\n<meta name=\"twitter:card\" content=\"summary_large_image\" \/>\n<meta name=\"twitter:label1\" content=\"Est. reading time\" \/>\n\t<meta name=\"twitter:data1\" content=\"1 minute\" \/>\n<script type=\"application\/ld+json\" class=\"yoast-schema-graph\">{\"@context\":\"https:\\\/\\\/schema.org\",\"@graph\":[{\"@type\":\"WebPage\",\"@id\":\"https:\\\/\\\/www.nailobrewing.fi\\\/en\\\/product\\\/svatovaclavsky-special\\\/\",\"url\":\"https:\\\/\\\/www.nailobrewing.fi\\\/en\\\/product\\\/svatovaclavsky-special\\\/\",\"name\":\"Svatov\u00e1clavsk\u00fd speci\u00e1l, 13\u00b0 Czech pilsner\",\"isPartOf\":{\"@id\":\"https:\\\/\\\/www.nailobrewing.fi\\\/en\\\/#website\"},\"primaryImageOfPage\":{\"@id\":\"https:\\\/\\\/www.nailobrewing.fi\\\/en\\\/product\\\/svatovaclavsky-special\\\/#primaryimage\"},\"image\":{\"@id\":\"https:\\\/\\\/www.nailobrewing.fi\\\/en\\\/product\\\/svatovaclavsky-special\\\/#primaryimage\"},\"thumbnailUrl\":\"https:\\\/\\\/www.nailobrewing.fi\\\/wp-content\\\/uploads\\\/2025\\\/10\\\/svato_mockup.webp\",\"datePublished\":\"2025-11-07T11:49:32+00:00\",\"dateModified\":\"2025-12-15T12:06:08+00:00\",\"description\":\"Svatov\u00e1clavsk\u00fd Speci\u00e1l is a 13\u00b0 Czech Pilsner brewed with Saaz and Sl\u00e1dek hops. These varieties lend is a subtle spicy and herbal notes.\",\"breadcrumb\":{\"@id\":\"https:\\\/\\\/www.nailobrewing.fi\\\/en\\\/product\\\/svatovaclavsky-special\\\/#breadcrumb\"},\"inLanguage\":\"en-US\",\"potentialAction\":[{\"@type\":\"ReadAction\",\"target\":[\"https:\\\/\\\/www.nailobrewing.fi\\\/en\\\/product\\\/svatovaclavsky-special\\\/\"]}]},{\"@type\":\"ImageObject\",\"inLanguage\":\"en-US\",\"@id\":\"https:\\\/\\\/www.nailobrewing.fi\\\/en\\\/product\\\/svatovaclavsky-special\\\/#primaryimage\",\"url\":\"https:\\\/\\\/www.nailobrewing.fi\\\/wp-content\\\/uploads\\\/2025\\\/10\\\/svato_mockup.webp\",\"contentUrl\":\"https:\\\/\\\/www.nailobrewing.fi\\\/wp-content\\\/uploads\\\/2025\\\/10\\\/svato_mockup.webp\",\"width\":800,\"height\":800,\"caption\":\"svatovaclavsky special 13\u00b0 Czech pilsner can\"},{\"@type\":\"BreadcrumbList\",\"@id\":\"https:\\\/\\\/www.nailobrewing.fi\\\/en\\\/product\\\/svatovaclavsky-special\\\/#breadcrumb\",\"itemListElement\":[{\"@type\":\"ListItem\",\"position\":1,\"name\":\"Home\",\"item\":\"https:\\\/\\\/www.nailobrewing.fi\\\/en\\\/\"},{\"@type\":\"ListItem\",\"position\":2,\"name\":\"Shop\",\"item\":\"https:\\\/\\\/www.nailobrewing.fi\\\/shop-2\\\/\"},{\"@type\":\"ListItem\",\"position\":3,\"name\":\"Svatov\u00e1clavsk\u00fd speci\u00e1l\"}]},{\"@type\":\"WebSite\",\"@id\":\"https:\\\/\\\/www.nailobrewing.fi\\\/en\\\/#website\",\"url\":\"https:\\\/\\\/www.nailobrewing.fi\\\/en\\\/\",\"name\":\"na\u00eflo brewing co.\",\"description\":\"\",\"publisher\":{\"@id\":\"https:\\\/\\\/www.nailobrewing.fi\\\/en\\\/#organization\"},\"potentialAction\":[{\"@type\":\"SearchAction\",\"target\":{\"@type\":\"EntryPoint\",\"urlTemplate\":\"https:\\\/\\\/www.nailobrewing.fi\\\/en\\\/?s={search_term_string}\"},\"query-input\":{\"@type\":\"PropertyValueSpecification\",\"valueRequired\":true,\"valueName\":\"search_term_string\"}}],\"inLanguage\":\"en-US\"},{\"@type\":\"Organization\",\"@id\":\"https:\\\/\\\/www.nailobrewing.fi\\\/en\\\/#organization\",\"name\":\"na\u00eflo brewing co.\",\"url\":\"https:\\\/\\\/www.nailobrewing.fi\\\/en\\\/\",\"logo\":{\"@type\":\"ImageObject\",\"inLanguage\":\"en-US\",\"@id\":\"https:\\\/\\\/www.nailobrewing.fi\\\/en\\\/#\\\/schema\\\/logo\\\/image\\\/\",\"url\":\"https:\\\/\\\/www.nailobrewing.fi\\\/wp-content\\\/uploads\\\/2023\\\/09\\\/nailo-logo.png\",\"contentUrl\":\"https:\\\/\\\/www.nailobrewing.fi\\\/wp-content\\\/uploads\\\/2023\\\/09\\\/nailo-logo.png\",\"width\":300,\"height\":567,\"caption\":\"na\u00eflo brewing co.\"},\"image\":{\"@id\":\"https:\\\/\\\/www.nailobrewing.fi\\\/en\\\/#\\\/schema\\\/logo\\\/image\\\/\"},\"sameAs\":[\"https:\\\/\\\/www.facebook.com\\\/nailobrewingco\\\/\"]}]}<\/script>\n<!-- \/ Yoast SEO plugin. -->","yoast_head_json":{"title":"Svatov\u00e1clavsk\u00fd speci\u00e1l, 13\u00b0 Czech pilsner","description":"Svatov\u00e1clavsk\u00fd Speci\u00e1l is a 13\u00b0 Czech Pilsner brewed with Saaz and Sl\u00e1dek hops. These varieties lend is a subtle spicy and herbal notes.","robots":{"index":"index","follow":"follow","max-snippet":"max-snippet:-1","max-image-preview":"max-image-preview:large","max-video-preview":"max-video-preview:-1"},"canonical":"https:\/\/www.nailobrewing.fi\/en\/product\/svatovaclavsky-special\/","og_locale":"en_US","og_type":"article","og_title":"Svatov\u00e1clavsk\u00fd speci\u00e1l, 13\u00b0 Czech pilsner","og_description":"Svatov\u00e1clavsk\u00fd Speci\u00e1l is a 13\u00b0 Czech Pilsner brewed with Saaz and Sl\u00e1dek hops. These varieties lend is a subtle spicy and herbal notes.","og_url":"https:\/\/www.nailobrewing.fi\/en\/product\/svatovaclavsky-special\/","og_site_name":"na\u00eflo brewing co.","article_publisher":"https:\/\/www.facebook.com\/nailobrewingco\/","article_modified_time":"2025-12-15T12:06:08+00:00","og_image":[{"width":800,"height":800,"url":"https:\/\/www.nailobrewing.fi\/wp-content\/uploads\/2025\/10\/svato_mockup.webp","type":"image\/webp"}],"twitter_card":"summary_large_image","twitter_misc":{"Est. reading time":"1 minute"},"schema":{"@context":"https:\/\/schema.org","@graph":[{"@type":"WebPage","@id":"https:\/\/www.nailobrewing.fi\/en\/product\/svatovaclavsky-special\/","url":"https:\/\/www.nailobrewing.fi\/en\/product\/svatovaclavsky-special\/","name":"Svatov\u00e1clavsk\u00fd speci\u00e1l, 13\u00b0 Czech pilsner","isPartOf":{"@id":"https:\/\/www.nailobrewing.fi\/en\/#website"},"primaryImageOfPage":{"@id":"https:\/\/www.nailobrewing.fi\/en\/product\/svatovaclavsky-special\/#primaryimage"},"image":{"@id":"https:\/\/www.nailobrewing.fi\/en\/product\/svatovaclavsky-special\/#primaryimage"},"thumbnailUrl":"https:\/\/www.nailobrewing.fi\/wp-content\/uploads\/2025\/10\/svato_mockup.webp","datePublished":"2025-11-07T11:49:32+00:00","dateModified":"2025-12-15T12:06:08+00:00","description":"Svatov\u00e1clavsk\u00fd Speci\u00e1l is a 13\u00b0 Czech Pilsner brewed with Saaz and Sl\u00e1dek hops. These varieties lend is a subtle spicy and herbal notes.","breadcrumb":{"@id":"https:\/\/www.nailobrewing.fi\/en\/product\/svatovaclavsky-special\/#breadcrumb"},"inLanguage":"en-US","potentialAction":[{"@type":"ReadAction","target":["https:\/\/www.nailobrewing.fi\/en\/product\/svatovaclavsky-special\/"]}]},{"@type":"ImageObject","inLanguage":"en-US","@id":"https:\/\/www.nailobrewing.fi\/en\/product\/svatovaclavsky-special\/#primaryimage","url":"https:\/\/www.nailobrewing.fi\/wp-content\/uploads\/2025\/10\/svato_mockup.webp","contentUrl":"https:\/\/www.nailobrewing.fi\/wp-content\/uploads\/2025\/10\/svato_mockup.webp","width":800,"height":800,"caption":"svatovaclavsky special 13\u00b0 Czech pilsner can"},{"@type":"BreadcrumbList","@id":"https:\/\/www.nailobrewing.fi\/en\/product\/svatovaclavsky-special\/#breadcrumb","itemListElement":[{"@type":"ListItem","position":1,"name":"Home","item":"https:\/\/www.nailobrewing.fi\/en\/"},{"@type":"ListItem","position":2,"name":"Shop","item":"https:\/\/www.nailobrewing.fi\/shop-2\/"},{"@type":"ListItem","position":3,"name":"Svatov\u00e1clavsk\u00fd speci\u00e1l"}]},{"@type":"WebSite","@id":"https:\/\/www.nailobrewing.fi\/en\/#website","url":"https:\/\/www.nailobrewing.fi\/en\/","name":"na\u00eflo brewing co.","description":"","publisher":{"@id":"https:\/\/www.nailobrewing.fi\/en\/#organization"},"potentialAction":[{"@type":"SearchAction","target":{"@type":"EntryPoint","urlTemplate":"https:\/\/www.nailobrewing.fi\/en\/?s={search_term_string}"},"query-input":{"@type":"PropertyValueSpecification","valueRequired":true,"valueName":"search_term_string"}}],"inLanguage":"en-US"},{"@type":"Organization","@id":"https:\/\/www.nailobrewing.fi\/en\/#organization","name":"na\u00eflo brewing co.","url":"https:\/\/www.nailobrewing.fi\/en\/","logo":{"@type":"ImageObject","inLanguage":"en-US","@id":"https:\/\/www.nailobrewing.fi\/en\/#\/schema\/logo\/image\/","url":"https:\/\/www.nailobrewing.fi\/wp-content\/uploads\/2023\/09\/nailo-logo.png","contentUrl":"https:\/\/www.nailobrewing.fi\/wp-content\/uploads\/2023\/09\/nailo-logo.png","width":300,"height":567,"caption":"na\u00eflo brewing co."},"image":{"@id":"https:\/\/www.nailobrewing.fi\/en\/#\/schema\/logo\/image\/"},"sameAs":["https:\/\/www.facebook.com\/nailobrewingco\/"]}]}},"jetpack_sharing_enabled":true,"_links":{"self":[{"href":"https:\/\/www.nailobrewing.fi\/en\/wp-json\/wp\/v2\/product\/2343","targetHints":{"allow":["GET"]}}],"collection":[{"href":"https:\/\/www.nailobrewing.fi\/en\/wp-json\/wp\/v2\/product"}],"about":[{"href":"https:\/\/www.nailobrewing.fi\/en\/wp-json\/wp\/v2\/types\/product"}],"wp:featuredmedia":[{"embeddable":true,"href":"https:\/\/www.nailobrewing.fi\/en\/wp-json\/wp\/v2\/media\/2302"}],"wp:attachment":[{"href":"https:\/\/www.nailobrewing.fi\/en\/wp-json\/wp\/v2\/media?parent=2343"}],"wp:term":[{"taxonomy":"product_brand","embeddable":true,"href":"https:\/\/www.nailobrewing.fi\/en\/wp-json\/wp\/v2\/product_brand?post=2343"},{"taxonomy":"product_cat","embeddable":true,"href":"https:\/\/www.nailobrewing.fi\/en\/wp-json\/wp\/v2\/product_cat?post=2343"},{"taxonomy":"product_tag","embeddable":true,"href":"https:\/\/www.nailobrewing.fi\/en\/wp-json\/wp\/v2\/product_tag?post=2343"}],"curies":[{"name":"wp","href":"https:\/\/api.w.org\/{rel}","templated":true}]}}