{"id":2219,"date":"2025-06-09T19:39:04","date_gmt":"2025-06-09T16:39:04","guid":{"rendered":"https:\/\/www.nailobrewing.fi\/?post_type=product&#038;p=2219"},"modified":"2025-09-19T15:49:23","modified_gmt":"2025-09-19T12:49:23","slug":"pinada","status":"publish","type":"product","link":"https:\/\/www.nailobrewing.fi\/en\/product\/pinada\/","title":{"rendered":"PI\u00d1ADA"},"content":{"rendered":"<p data-start=\"264\" data-end=\"307\"><strong data-start=\"264\" data-end=\"307\">Pi\u00f1a Colada? Nah-ah, it\u2019s PI\u00d1ADA NEIPA!<\/strong><\/p>\n<p data-start=\"309\" data-end=\"486\">If you were into last summer\u2019s <strong data-start=\"340\" data-end=\"356\">COLADA NEIPA<\/strong>, you\u2019re gonna love this. <strong data-start=\"382\" data-end=\"392\">PI\u00d1ADA<\/strong> is its laid-back sequel\u2014same tropical soul, now with deeper layers of juicy, fruity goodness.<\/p>\n<p data-start=\"488\" data-end=\"943\">Staying true to our cocktail inspiration, we brought back the unbeatable combo of New Zealand\u2019s pineapple-forward <strong data-start=\"602\" data-end=\"614\">Nectaron<\/strong> and Yakima-grown <strong data-start=\"632\" data-end=\"644\">HBC 1019<\/strong>, known for its creamy, coconut-tinged aroma. This time, though, we cranked things up with a hit of Australia\u2019s <strong data-start=\"756\" data-end=\"770\">Vic Secret<\/strong> and the NEIPA all-time legend, <strong data-start=\"802\" data-end=\"811\">Citra<\/strong>. The result? Even more lush tropical fruit character\u2014think mango, passionfruit, and citrus\u2014wrapped in a smoother, softer mouthfeel.<\/p>\n<p data-start=\"945\" data-end=\"1075\"><strong data-start=\"945\" data-end=\"955\">PI\u00d1ADA<\/strong> is everything you loved about <strong data-start=\"986\" data-end=\"996\">COLADA<\/strong>, just a little more relaxed, a little more juicy, and dangerously easy to sip.<\/p>\n","protected":false},"excerpt":{"rendered":"<p>NEIPA, 7%<\/p>\n","protected":false},"featured_media":2221,"template":"","meta":{"_monsterinsights_skip_tracking":false,"_monsterinsights_sitenote_active":false,"_monsterinsights_sitenote_note":"","_monsterinsights_sitenote_category":0,"neve_meta_sidebar":"","neve_meta_container":"","neve_meta_enable_content_width":"off","neve_meta_content_width":100,"neve_meta_title_alignment":"","neve_meta_author_avatar":"","neve_post_elements_order":"","neve_meta_disable_header":"","neve_meta_disable_footer":"","neve_meta_disable_title":"","neve_meta_reading_time":"","_themeisle_gutenberg_block_has_review":false},"product_brand":[],"product_cat":[20,33],"product_tag":[],"class_list":{"0":"post-2219","1":"product","2":"type-product","3":"status-publish","4":"has-post-thumbnail","6":"product_cat-craft-beer","7":"product_cat-ipas","9":"first","10":"outofstock","11":"taxable","12":"shipping-taxable","13":"purchasable","14":"product-type-simple"},"yoast_head":"<!-- This site is optimized with the Yoast SEO plugin v27.3 - https:\/\/yoast.com\/product\/yoast-seo-wordpress\/ -->\n<title>PI\u00d1ADA, NEIPA<\/title>\n<meta name=\"description\" content=\"PI\u00d1ADA NEIPA was inspired by the legendary cocktail, Pi\u00f1a Colada. Hopped with Nectaron, HBC1019, Vic Secret and Citra, it&#039;s juicy, fruity and coconut-creamy\" \/>\n<meta name=\"robots\" content=\"index, follow, max-snippet:-1, max-image-preview:large, max-video-preview:-1\" \/>\n<link rel=\"canonical\" href=\"https:\/\/www.nailobrewing.fi\/en\/product\/pinada\/\" \/>\n<meta property=\"og:locale\" content=\"en_US\" \/>\n<meta property=\"og:type\" content=\"article\" \/>\n<meta property=\"og:title\" content=\"PI\u00d1ADA, NEIPA\" \/>\n<meta property=\"og:description\" content=\"PI\u00d1ADA NEIPA was inspired by the legendary cocktail, Pi\u00f1a Colada. Hopped with Nectaron, HBC1019, Vic Secret and Citra, it&#039;s juicy, fruity and coconut-creamy\" \/>\n<meta property=\"og:url\" content=\"https:\/\/www.nailobrewing.fi\/en\/product\/pinada\/\" \/>\n<meta property=\"og:site_name\" content=\"na\u00eflo brewing co.\" \/>\n<meta property=\"article:publisher\" content=\"https:\/\/www.facebook.com\/nailobrewingco\/\" \/>\n<meta property=\"article:modified_time\" content=\"2025-09-19T12:49:23+00:00\" \/>\n<meta property=\"og:image\" content=\"https:\/\/www.nailobrewing.fi\/wp-content\/uploads\/2025\/06\/pinada_mockup.webp\" \/>\n\t<meta property=\"og:image:width\" content=\"800\" \/>\n\t<meta property=\"og:image:height\" content=\"800\" \/>\n\t<meta property=\"og:image:type\" content=\"image\/webp\" \/>\n<meta name=\"twitter:card\" content=\"summary_large_image\" \/>\n<meta name=\"twitter:label1\" content=\"Est. reading time\" \/>\n\t<meta name=\"twitter:data1\" content=\"1 minute\" \/>\n<script type=\"application\/ld+json\" class=\"yoast-schema-graph\">{\"@context\":\"https:\\\/\\\/schema.org\",\"@graph\":[{\"@type\":\"WebPage\",\"@id\":\"https:\\\/\\\/www.nailobrewing.fi\\\/en\\\/product\\\/pinada\\\/\",\"url\":\"https:\\\/\\\/www.nailobrewing.fi\\\/en\\\/product\\\/pinada\\\/\",\"name\":\"PI\u00d1ADA, NEIPA\",\"isPartOf\":{\"@id\":\"https:\\\/\\\/www.nailobrewing.fi\\\/en\\\/#website\"},\"primaryImageOfPage\":{\"@id\":\"https:\\\/\\\/www.nailobrewing.fi\\\/en\\\/product\\\/pinada\\\/#primaryimage\"},\"image\":{\"@id\":\"https:\\\/\\\/www.nailobrewing.fi\\\/en\\\/product\\\/pinada\\\/#primaryimage\"},\"thumbnailUrl\":\"https:\\\/\\\/www.nailobrewing.fi\\\/wp-content\\\/uploads\\\/2025\\\/06\\\/pinada_mockup.webp\",\"datePublished\":\"2025-06-09T16:39:04+00:00\",\"dateModified\":\"2025-09-19T12:49:23+00:00\",\"description\":\"PI\u00d1ADA NEIPA was inspired by the legendary cocktail, Pi\u00f1a Colada. Hopped with Nectaron, HBC1019, Vic Secret and Citra, it's juicy, fruity and coconut-creamy\",\"breadcrumb\":{\"@id\":\"https:\\\/\\\/www.nailobrewing.fi\\\/en\\\/product\\\/pinada\\\/#breadcrumb\"},\"inLanguage\":\"en-US\",\"potentialAction\":[{\"@type\":\"ReadAction\",\"target\":[\"https:\\\/\\\/www.nailobrewing.fi\\\/en\\\/product\\\/pinada\\\/\"]}]},{\"@type\":\"ImageObject\",\"inLanguage\":\"en-US\",\"@id\":\"https:\\\/\\\/www.nailobrewing.fi\\\/en\\\/product\\\/pinada\\\/#primaryimage\",\"url\":\"https:\\\/\\\/www.nailobrewing.fi\\\/wp-content\\\/uploads\\\/2025\\\/06\\\/pinada_mockup.webp\",\"contentUrl\":\"https:\\\/\\\/www.nailobrewing.fi\\\/wp-content\\\/uploads\\\/2025\\\/06\\\/pinada_mockup.webp\",\"width\":800,\"height\":800,\"caption\":\"pinada neipa can\"},{\"@type\":\"BreadcrumbList\",\"@id\":\"https:\\\/\\\/www.nailobrewing.fi\\\/en\\\/product\\\/pinada\\\/#breadcrumb\",\"itemListElement\":[{\"@type\":\"ListItem\",\"position\":1,\"name\":\"Home\",\"item\":\"https:\\\/\\\/www.nailobrewing.fi\\\/en\\\/\"},{\"@type\":\"ListItem\",\"position\":2,\"name\":\"Shop\",\"item\":\"https:\\\/\\\/www.nailobrewing.fi\\\/shop-2\\\/\"},{\"@type\":\"ListItem\",\"position\":3,\"name\":\"PI\u00d1ADA\"}]},{\"@type\":\"WebSite\",\"@id\":\"https:\\\/\\\/www.nailobrewing.fi\\\/en\\\/#website\",\"url\":\"https:\\\/\\\/www.nailobrewing.fi\\\/en\\\/\",\"name\":\"na\u00eflo brewing co.\",\"description\":\"\",\"publisher\":{\"@id\":\"https:\\\/\\\/www.nailobrewing.fi\\\/en\\\/#organization\"},\"potentialAction\":[{\"@type\":\"SearchAction\",\"target\":{\"@type\":\"EntryPoint\",\"urlTemplate\":\"https:\\\/\\\/www.nailobrewing.fi\\\/en\\\/?s={search_term_string}\"},\"query-input\":{\"@type\":\"PropertyValueSpecification\",\"valueRequired\":true,\"valueName\":\"search_term_string\"}}],\"inLanguage\":\"en-US\"},{\"@type\":\"Organization\",\"@id\":\"https:\\\/\\\/www.nailobrewing.fi\\\/en\\\/#organization\",\"name\":\"na\u00eflo brewing co.\",\"url\":\"https:\\\/\\\/www.nailobrewing.fi\\\/en\\\/\",\"logo\":{\"@type\":\"ImageObject\",\"inLanguage\":\"en-US\",\"@id\":\"https:\\\/\\\/www.nailobrewing.fi\\\/en\\\/#\\\/schema\\\/logo\\\/image\\\/\",\"url\":\"https:\\\/\\\/www.nailobrewing.fi\\\/wp-content\\\/uploads\\\/2023\\\/09\\\/nailo-logo.png\",\"contentUrl\":\"https:\\\/\\\/www.nailobrewing.fi\\\/wp-content\\\/uploads\\\/2023\\\/09\\\/nailo-logo.png\",\"width\":300,\"height\":567,\"caption\":\"na\u00eflo brewing co.\"},\"image\":{\"@id\":\"https:\\\/\\\/www.nailobrewing.fi\\\/en\\\/#\\\/schema\\\/logo\\\/image\\\/\"},\"sameAs\":[\"https:\\\/\\\/www.facebook.com\\\/nailobrewingco\\\/\"]}]}<\/script>\n<!-- \/ Yoast SEO plugin. -->","yoast_head_json":{"title":"PI\u00d1ADA, NEIPA","description":"PI\u00d1ADA NEIPA was inspired by the legendary cocktail, Pi\u00f1a Colada. Hopped with Nectaron, HBC1019, Vic Secret and Citra, it's juicy, fruity and coconut-creamy","robots":{"index":"index","follow":"follow","max-snippet":"max-snippet:-1","max-image-preview":"max-image-preview:large","max-video-preview":"max-video-preview:-1"},"canonical":"https:\/\/www.nailobrewing.fi\/en\/product\/pinada\/","og_locale":"en_US","og_type":"article","og_title":"PI\u00d1ADA, NEIPA","og_description":"PI\u00d1ADA NEIPA was inspired by the legendary cocktail, Pi\u00f1a Colada. Hopped with Nectaron, HBC1019, Vic Secret and Citra, it's juicy, fruity and coconut-creamy","og_url":"https:\/\/www.nailobrewing.fi\/en\/product\/pinada\/","og_site_name":"na\u00eflo brewing co.","article_publisher":"https:\/\/www.facebook.com\/nailobrewingco\/","article_modified_time":"2025-09-19T12:49:23+00:00","og_image":[{"width":800,"height":800,"url":"https:\/\/www.nailobrewing.fi\/wp-content\/uploads\/2025\/06\/pinada_mockup.webp","type":"image\/webp"}],"twitter_card":"summary_large_image","twitter_misc":{"Est. reading time":"1 minute"},"schema":{"@context":"https:\/\/schema.org","@graph":[{"@type":"WebPage","@id":"https:\/\/www.nailobrewing.fi\/en\/product\/pinada\/","url":"https:\/\/www.nailobrewing.fi\/en\/product\/pinada\/","name":"PI\u00d1ADA, NEIPA","isPartOf":{"@id":"https:\/\/www.nailobrewing.fi\/en\/#website"},"primaryImageOfPage":{"@id":"https:\/\/www.nailobrewing.fi\/en\/product\/pinada\/#primaryimage"},"image":{"@id":"https:\/\/www.nailobrewing.fi\/en\/product\/pinada\/#primaryimage"},"thumbnailUrl":"https:\/\/www.nailobrewing.fi\/wp-content\/uploads\/2025\/06\/pinada_mockup.webp","datePublished":"2025-06-09T16:39:04+00:00","dateModified":"2025-09-19T12:49:23+00:00","description":"PI\u00d1ADA NEIPA was inspired by the legendary cocktail, Pi\u00f1a Colada. Hopped with Nectaron, HBC1019, Vic Secret and Citra, it's juicy, fruity and coconut-creamy","breadcrumb":{"@id":"https:\/\/www.nailobrewing.fi\/en\/product\/pinada\/#breadcrumb"},"inLanguage":"en-US","potentialAction":[{"@type":"ReadAction","target":["https:\/\/www.nailobrewing.fi\/en\/product\/pinada\/"]}]},{"@type":"ImageObject","inLanguage":"en-US","@id":"https:\/\/www.nailobrewing.fi\/en\/product\/pinada\/#primaryimage","url":"https:\/\/www.nailobrewing.fi\/wp-content\/uploads\/2025\/06\/pinada_mockup.webp","contentUrl":"https:\/\/www.nailobrewing.fi\/wp-content\/uploads\/2025\/06\/pinada_mockup.webp","width":800,"height":800,"caption":"pinada neipa can"},{"@type":"BreadcrumbList","@id":"https:\/\/www.nailobrewing.fi\/en\/product\/pinada\/#breadcrumb","itemListElement":[{"@type":"ListItem","position":1,"name":"Home","item":"https:\/\/www.nailobrewing.fi\/en\/"},{"@type":"ListItem","position":2,"name":"Shop","item":"https:\/\/www.nailobrewing.fi\/shop-2\/"},{"@type":"ListItem","position":3,"name":"PI\u00d1ADA"}]},{"@type":"WebSite","@id":"https:\/\/www.nailobrewing.fi\/en\/#website","url":"https:\/\/www.nailobrewing.fi\/en\/","name":"na\u00eflo brewing co.","description":"","publisher":{"@id":"https:\/\/www.nailobrewing.fi\/en\/#organization"},"potentialAction":[{"@type":"SearchAction","target":{"@type":"EntryPoint","urlTemplate":"https:\/\/www.nailobrewing.fi\/en\/?s={search_term_string}"},"query-input":{"@type":"PropertyValueSpecification","valueRequired":true,"valueName":"search_term_string"}}],"inLanguage":"en-US"},{"@type":"Organization","@id":"https:\/\/www.nailobrewing.fi\/en\/#organization","name":"na\u00eflo brewing co.","url":"https:\/\/www.nailobrewing.fi\/en\/","logo":{"@type":"ImageObject","inLanguage":"en-US","@id":"https:\/\/www.nailobrewing.fi\/en\/#\/schema\/logo\/image\/","url":"https:\/\/www.nailobrewing.fi\/wp-content\/uploads\/2023\/09\/nailo-logo.png","contentUrl":"https:\/\/www.nailobrewing.fi\/wp-content\/uploads\/2023\/09\/nailo-logo.png","width":300,"height":567,"caption":"na\u00eflo brewing co."},"image":{"@id":"https:\/\/www.nailobrewing.fi\/en\/#\/schema\/logo\/image\/"},"sameAs":["https:\/\/www.facebook.com\/nailobrewingco\/"]}]}},"jetpack_sharing_enabled":true,"_links":{"self":[{"href":"https:\/\/www.nailobrewing.fi\/en\/wp-json\/wp\/v2\/product\/2219","targetHints":{"allow":["GET"]}}],"collection":[{"href":"https:\/\/www.nailobrewing.fi\/en\/wp-json\/wp\/v2\/product"}],"about":[{"href":"https:\/\/www.nailobrewing.fi\/en\/wp-json\/wp\/v2\/types\/product"}],"wp:featuredmedia":[{"embeddable":true,"href":"https:\/\/www.nailobrewing.fi\/en\/wp-json\/wp\/v2\/media\/2221"}],"wp:attachment":[{"href":"https:\/\/www.nailobrewing.fi\/en\/wp-json\/wp\/v2\/media?parent=2219"}],"wp:term":[{"taxonomy":"product_brand","embeddable":true,"href":"https:\/\/www.nailobrewing.fi\/en\/wp-json\/wp\/v2\/product_brand?post=2219"},{"taxonomy":"product_cat","embeddable":true,"href":"https:\/\/www.nailobrewing.fi\/en\/wp-json\/wp\/v2\/product_cat?post=2219"},{"taxonomy":"product_tag","embeddable":true,"href":"https:\/\/www.nailobrewing.fi\/en\/wp-json\/wp\/v2\/product_tag?post=2219"}],"curies":[{"name":"wp","href":"https:\/\/api.w.org\/{rel}","templated":true}]}}