{"id":2179,"date":"2025-04-28T16:53:18","date_gmt":"2025-04-28T13:53:18","guid":{"rendered":"https:\/\/www.nailobrewing.fi\/?post_type=product&#038;p=2179"},"modified":"2025-12-15T14:06:08","modified_gmt":"2025-12-15T12:06:08","slug":"pivo","status":"publish","type":"product","link":"https:\/\/www.nailobrewing.fi\/en\/product\/pivo\/","title":{"rendered":"PIVO"},"content":{"rendered":"<p>New era of our Czech Pilsner!<\/p>\n<p>Following in the footsteps of <strong>CZECHMATE<\/strong>, <strong>PIVO<\/strong> is a crisp, clean lager with just the right amount of bitterness and (!) a subtle hint of buttery diacetyl\u2014yep, that little something we felt was missing in our previous Czech Pils.<\/p>\n<p>So, why the name change? Simple: we\u2019ve switched up our malt supplier, which inspired us to tweak the recipe and brew up a new version of the classic. But not to worry\u2014<strong>PIVO<\/strong> is still 100% Czech at heart. We\u2019re using Pilsner malt sourced from Czechia, more precisely from the malthouse <em>Sladovna Kounice<\/em>, and hops <em>Saaz<\/em> (Polorann\u00fd \u010cerve\u0148\u00e1k) and <em>Sl\u00e1dek<\/em> grown in the Czech hop haven of \u017datec.<\/p>\n<p>Just a little P.S. for the folks interested in languages: Yes. This beer is literally called <em>BEER<\/em> in Czech. What to say, we\u2019re just <em>that<\/em> creative.<\/p>\n<p><strong>NA ZDRAV\u00cd!<\/strong><\/p>\n","protected":false},"excerpt":{"rendered":"<p>Czech Pilsner, 5%<\/p>\n","protected":false},"featured_media":2181,"template":"","meta":{"_monsterinsights_skip_tracking":false,"_monsterinsights_sitenote_active":false,"_monsterinsights_sitenote_note":"","_monsterinsights_sitenote_category":0,"neve_meta_sidebar":"","neve_meta_container":"","neve_meta_enable_content_width":"off","neve_meta_content_width":100,"neve_meta_title_alignment":"","neve_meta_author_avatar":"","neve_post_elements_order":"","neve_meta_disable_header":"","neve_meta_disable_footer":"","neve_meta_disable_title":"","neve_meta_reading_time":"","_themeisle_gutenberg_block_has_review":false},"product_brand":[],"product_cat":[20,35],"product_tag":[],"class_list":{"0":"post-2179","1":"product","2":"type-product","3":"status-publish","4":"has-post-thumbnail","6":"product_cat-craft-beer","7":"product_cat-lagers","9":"first","10":"instock","11":"taxable","12":"shipping-taxable","13":"purchasable","14":"product-type-simple"},"yoast_head":"<!-- This site is optimized with the Yoast SEO plugin v27.4 - https:\/\/yoast.com\/product\/yoast-seo-wordpress\/ -->\n<title>PIVO, Czech Pilsner<\/title>\n<meta name=\"description\" content=\"PIVO, an updated version of our well-loved Czech Pilsner. Clean and crisp lager with moderate bitterness and subtle note of buttery diacetyl.\" \/>\n<meta name=\"robots\" content=\"index, follow, max-snippet:-1, max-image-preview:large, max-video-preview:-1\" \/>\n<link rel=\"canonical\" href=\"https:\/\/www.nailobrewing.fi\/en\/product\/pivo\/\" \/>\n<meta property=\"og:locale\" content=\"en_US\" \/>\n<meta property=\"og:type\" content=\"article\" \/>\n<meta property=\"og:title\" content=\"PIVO, Czech Pilsner\" \/>\n<meta property=\"og:description\" content=\"PIVO, an updated version of our well-loved Czech Pilsner. Clean and crisp lager with moderate bitterness and subtle note of buttery diacetyl.\" \/>\n<meta property=\"og:url\" content=\"https:\/\/www.nailobrewing.fi\/en\/product\/pivo\/\" \/>\n<meta property=\"og:site_name\" content=\"na\u00eflo brewing co.\" \/>\n<meta property=\"article:publisher\" content=\"https:\/\/www.facebook.com\/nailobrewingco\/\" \/>\n<meta property=\"article:modified_time\" content=\"2025-12-15T12:06:08+00:00\" \/>\n<meta property=\"og:image\" content=\"https:\/\/www.nailobrewing.fi\/wp-content\/uploads\/2025\/04\/pivo_mockup.webp\" \/>\n\t<meta property=\"og:image:width\" content=\"800\" \/>\n\t<meta property=\"og:image:height\" content=\"800\" \/>\n\t<meta property=\"og:image:type\" content=\"image\/webp\" \/>\n<meta name=\"twitter:card\" content=\"summary_large_image\" \/>\n<meta name=\"twitter:label1\" content=\"Est. reading time\" \/>\n\t<meta name=\"twitter:data1\" content=\"1 minute\" \/>\n<script type=\"application\/ld+json\" class=\"yoast-schema-graph\">{\"@context\":\"https:\\\/\\\/schema.org\",\"@graph\":[{\"@type\":\"WebPage\",\"@id\":\"https:\\\/\\\/www.nailobrewing.fi\\\/en\\\/product\\\/pivo\\\/\",\"url\":\"https:\\\/\\\/www.nailobrewing.fi\\\/en\\\/product\\\/pivo\\\/\",\"name\":\"PIVO, Czech Pilsner\",\"isPartOf\":{\"@id\":\"https:\\\/\\\/www.nailobrewing.fi\\\/en\\\/#website\"},\"primaryImageOfPage\":{\"@id\":\"https:\\\/\\\/www.nailobrewing.fi\\\/en\\\/product\\\/pivo\\\/#primaryimage\"},\"image\":{\"@id\":\"https:\\\/\\\/www.nailobrewing.fi\\\/en\\\/product\\\/pivo\\\/#primaryimage\"},\"thumbnailUrl\":\"https:\\\/\\\/www.nailobrewing.fi\\\/wp-content\\\/uploads\\\/2025\\\/04\\\/pivo_mockup.webp\",\"datePublished\":\"2025-04-28T13:53:18+00:00\",\"dateModified\":\"2025-12-15T12:06:08+00:00\",\"description\":\"PIVO, an updated version of our well-loved Czech Pilsner. Clean and crisp lager with moderate bitterness and subtle note of buttery diacetyl.\",\"breadcrumb\":{\"@id\":\"https:\\\/\\\/www.nailobrewing.fi\\\/en\\\/product\\\/pivo\\\/#breadcrumb\"},\"inLanguage\":\"en-US\",\"potentialAction\":[{\"@type\":\"ReadAction\",\"target\":[\"https:\\\/\\\/www.nailobrewing.fi\\\/en\\\/product\\\/pivo\\\/\"]}]},{\"@type\":\"ImageObject\",\"inLanguage\":\"en-US\",\"@id\":\"https:\\\/\\\/www.nailobrewing.fi\\\/en\\\/product\\\/pivo\\\/#primaryimage\",\"url\":\"https:\\\/\\\/www.nailobrewing.fi\\\/wp-content\\\/uploads\\\/2025\\\/04\\\/pivo_mockup.webp\",\"contentUrl\":\"https:\\\/\\\/www.nailobrewing.fi\\\/wp-content\\\/uploads\\\/2025\\\/04\\\/pivo_mockup.webp\",\"width\":800,\"height\":800,\"caption\":\"pivo czech pilsner can\"},{\"@type\":\"BreadcrumbList\",\"@id\":\"https:\\\/\\\/www.nailobrewing.fi\\\/en\\\/product\\\/pivo\\\/#breadcrumb\",\"itemListElement\":[{\"@type\":\"ListItem\",\"position\":1,\"name\":\"Home\",\"item\":\"https:\\\/\\\/www.nailobrewing.fi\\\/en\\\/\"},{\"@type\":\"ListItem\",\"position\":2,\"name\":\"Shop\",\"item\":\"https:\\\/\\\/www.nailobrewing.fi\\\/shop-2\\\/\"},{\"@type\":\"ListItem\",\"position\":3,\"name\":\"PIVO\"}]},{\"@type\":\"WebSite\",\"@id\":\"https:\\\/\\\/www.nailobrewing.fi\\\/en\\\/#website\",\"url\":\"https:\\\/\\\/www.nailobrewing.fi\\\/en\\\/\",\"name\":\"na\u00eflo brewing co.\",\"description\":\"\",\"publisher\":{\"@id\":\"https:\\\/\\\/www.nailobrewing.fi\\\/en\\\/#organization\"},\"potentialAction\":[{\"@type\":\"SearchAction\",\"target\":{\"@type\":\"EntryPoint\",\"urlTemplate\":\"https:\\\/\\\/www.nailobrewing.fi\\\/en\\\/?s={search_term_string}\"},\"query-input\":{\"@type\":\"PropertyValueSpecification\",\"valueRequired\":true,\"valueName\":\"search_term_string\"}}],\"inLanguage\":\"en-US\"},{\"@type\":\"Organization\",\"@id\":\"https:\\\/\\\/www.nailobrewing.fi\\\/en\\\/#organization\",\"name\":\"na\u00eflo brewing co.\",\"url\":\"https:\\\/\\\/www.nailobrewing.fi\\\/en\\\/\",\"logo\":{\"@type\":\"ImageObject\",\"inLanguage\":\"en-US\",\"@id\":\"https:\\\/\\\/www.nailobrewing.fi\\\/en\\\/#\\\/schema\\\/logo\\\/image\\\/\",\"url\":\"https:\\\/\\\/www.nailobrewing.fi\\\/wp-content\\\/uploads\\\/2023\\\/09\\\/nailo-logo.png\",\"contentUrl\":\"https:\\\/\\\/www.nailobrewing.fi\\\/wp-content\\\/uploads\\\/2023\\\/09\\\/nailo-logo.png\",\"width\":300,\"height\":567,\"caption\":\"na\u00eflo brewing co.\"},\"image\":{\"@id\":\"https:\\\/\\\/www.nailobrewing.fi\\\/en\\\/#\\\/schema\\\/logo\\\/image\\\/\"},\"sameAs\":[\"https:\\\/\\\/www.facebook.com\\\/nailobrewingco\\\/\"]}]}<\/script>\n<!-- \/ Yoast SEO plugin. -->","yoast_head_json":{"title":"PIVO, Czech Pilsner","description":"PIVO, an updated version of our well-loved Czech Pilsner. Clean and crisp lager with moderate bitterness and subtle note of buttery diacetyl.","robots":{"index":"index","follow":"follow","max-snippet":"max-snippet:-1","max-image-preview":"max-image-preview:large","max-video-preview":"max-video-preview:-1"},"canonical":"https:\/\/www.nailobrewing.fi\/en\/product\/pivo\/","og_locale":"en_US","og_type":"article","og_title":"PIVO, Czech Pilsner","og_description":"PIVO, an updated version of our well-loved Czech Pilsner. Clean and crisp lager with moderate bitterness and subtle note of buttery diacetyl.","og_url":"https:\/\/www.nailobrewing.fi\/en\/product\/pivo\/","og_site_name":"na\u00eflo brewing co.","article_publisher":"https:\/\/www.facebook.com\/nailobrewingco\/","article_modified_time":"2025-12-15T12:06:08+00:00","og_image":[{"width":800,"height":800,"url":"https:\/\/www.nailobrewing.fi\/wp-content\/uploads\/2025\/04\/pivo_mockup.webp","type":"image\/webp"}],"twitter_card":"summary_large_image","twitter_misc":{"Est. reading time":"1 minute"},"schema":{"@context":"https:\/\/schema.org","@graph":[{"@type":"WebPage","@id":"https:\/\/www.nailobrewing.fi\/en\/product\/pivo\/","url":"https:\/\/www.nailobrewing.fi\/en\/product\/pivo\/","name":"PIVO, Czech Pilsner","isPartOf":{"@id":"https:\/\/www.nailobrewing.fi\/en\/#website"},"primaryImageOfPage":{"@id":"https:\/\/www.nailobrewing.fi\/en\/product\/pivo\/#primaryimage"},"image":{"@id":"https:\/\/www.nailobrewing.fi\/en\/product\/pivo\/#primaryimage"},"thumbnailUrl":"https:\/\/www.nailobrewing.fi\/wp-content\/uploads\/2025\/04\/pivo_mockup.webp","datePublished":"2025-04-28T13:53:18+00:00","dateModified":"2025-12-15T12:06:08+00:00","description":"PIVO, an updated version of our well-loved Czech Pilsner. Clean and crisp lager with moderate bitterness and subtle note of buttery diacetyl.","breadcrumb":{"@id":"https:\/\/www.nailobrewing.fi\/en\/product\/pivo\/#breadcrumb"},"inLanguage":"en-US","potentialAction":[{"@type":"ReadAction","target":["https:\/\/www.nailobrewing.fi\/en\/product\/pivo\/"]}]},{"@type":"ImageObject","inLanguage":"en-US","@id":"https:\/\/www.nailobrewing.fi\/en\/product\/pivo\/#primaryimage","url":"https:\/\/www.nailobrewing.fi\/wp-content\/uploads\/2025\/04\/pivo_mockup.webp","contentUrl":"https:\/\/www.nailobrewing.fi\/wp-content\/uploads\/2025\/04\/pivo_mockup.webp","width":800,"height":800,"caption":"pivo czech pilsner can"},{"@type":"BreadcrumbList","@id":"https:\/\/www.nailobrewing.fi\/en\/product\/pivo\/#breadcrumb","itemListElement":[{"@type":"ListItem","position":1,"name":"Home","item":"https:\/\/www.nailobrewing.fi\/en\/"},{"@type":"ListItem","position":2,"name":"Shop","item":"https:\/\/www.nailobrewing.fi\/shop-2\/"},{"@type":"ListItem","position":3,"name":"PIVO"}]},{"@type":"WebSite","@id":"https:\/\/www.nailobrewing.fi\/en\/#website","url":"https:\/\/www.nailobrewing.fi\/en\/","name":"na\u00eflo brewing co.","description":"","publisher":{"@id":"https:\/\/www.nailobrewing.fi\/en\/#organization"},"potentialAction":[{"@type":"SearchAction","target":{"@type":"EntryPoint","urlTemplate":"https:\/\/www.nailobrewing.fi\/en\/?s={search_term_string}"},"query-input":{"@type":"PropertyValueSpecification","valueRequired":true,"valueName":"search_term_string"}}],"inLanguage":"en-US"},{"@type":"Organization","@id":"https:\/\/www.nailobrewing.fi\/en\/#organization","name":"na\u00eflo brewing co.","url":"https:\/\/www.nailobrewing.fi\/en\/","logo":{"@type":"ImageObject","inLanguage":"en-US","@id":"https:\/\/www.nailobrewing.fi\/en\/#\/schema\/logo\/image\/","url":"https:\/\/www.nailobrewing.fi\/wp-content\/uploads\/2023\/09\/nailo-logo.png","contentUrl":"https:\/\/www.nailobrewing.fi\/wp-content\/uploads\/2023\/09\/nailo-logo.png","width":300,"height":567,"caption":"na\u00eflo brewing co."},"image":{"@id":"https:\/\/www.nailobrewing.fi\/en\/#\/schema\/logo\/image\/"},"sameAs":["https:\/\/www.facebook.com\/nailobrewingco\/"]}]}},"jetpack_sharing_enabled":true,"_links":{"self":[{"href":"https:\/\/www.nailobrewing.fi\/en\/wp-json\/wp\/v2\/product\/2179","targetHints":{"allow":["GET"]}}],"collection":[{"href":"https:\/\/www.nailobrewing.fi\/en\/wp-json\/wp\/v2\/product"}],"about":[{"href":"https:\/\/www.nailobrewing.fi\/en\/wp-json\/wp\/v2\/types\/product"}],"wp:featuredmedia":[{"embeddable":true,"href":"https:\/\/www.nailobrewing.fi\/en\/wp-json\/wp\/v2\/media\/2181"}],"wp:attachment":[{"href":"https:\/\/www.nailobrewing.fi\/en\/wp-json\/wp\/v2\/media?parent=2179"}],"wp:term":[{"taxonomy":"product_brand","embeddable":true,"href":"https:\/\/www.nailobrewing.fi\/en\/wp-json\/wp\/v2\/product_brand?post=2179"},{"taxonomy":"product_cat","embeddable":true,"href":"https:\/\/www.nailobrewing.fi\/en\/wp-json\/wp\/v2\/product_cat?post=2179"},{"taxonomy":"product_tag","embeddable":true,"href":"https:\/\/www.nailobrewing.fi\/en\/wp-json\/wp\/v2\/product_tag?post=2179"}],"curies":[{"name":"wp","href":"https:\/\/api.w.org\/{rel}","templated":true}]}}