{"id":2028,"date":"2024-12-13T13:54:35","date_gmt":"2024-12-13T11:54:35","guid":{"rendered":"https:\/\/www.nailobrewing.fi\/?post_type=product&#038;p=2028"},"modified":"2026-01-03T09:33:37","modified_gmt":"2026-01-03T07:33:37","slug":"christmas-4-pack","status":"publish","type":"product","link":"https:\/\/www.nailobrewing.fi\/en\/product\/christmas-4-pack\/","title":{"rendered":"Christmas 4-pack"},"content":{"rendered":"<h4>Christmas 4-pack is back!<\/h4>\n<p>For this year\u2019s Christmas 4-pack, we handpicked four beers that showcase the best of what we have to offer across a range of beer styles. Three out of the four beers are also our newest releases!<\/p>\n<p>Here\u2019s what we chose for you:<\/p>\n<h4><strong><a href=\"https:\/\/www.nailobrewing.fi\/en\/product\/anthropocene\/\">ANTHROPOCENE<\/a> &#8211; NEPA (5,8%)<\/strong><\/h4>\n<p><span class=\"cf0\">The idea behind <strong>ANTHROPOCENE<\/strong> was to brew a beer where orange, lime, and grapefruit appear in gradual layers, followed close behind by a wave of tropical sweetness in the form of mango and apricot. And that&#8217;s exactly what you can expect!\u00a0<\/span><span class=\"cf0\">The hop lineup is as classic as it gets: Citra Incognito, Amarillo, Cascade, Motueka, and Motueka Amplifire oil.<\/span><\/p>\n<h4><strong><a href=\"https:\/\/www.nailobrewing.fi\/en\/product\/svatovaclavsky-special\/\">SVATOV\u00c1CLAVSK\u00dd SPECI\u00c1L<\/a> &#8211; 13\u00b0 CZECH PILSNER (5,3%)<\/strong><\/h4>\n<p><strong>Svatov\u00e1clavsk\u00fd Speci\u00e1l<\/strong> is a Czech lager brewed with whole leaf Saaz hops, which we hauled ourselves straight from the fields of Czech \u201chop mekka\u201d \u2013 \u017datec. Along with Saaz, we also used Sl\u00e1dek hop pellets from the same region. These two hop varieties lend the beer subtle spicy, woody, and herbal notes. On the Plato gravity scale, used not only to measure the sugar content of the wort but also to label and classify beers in Czechia, <strong>Svatov\u00e1clavsk\u00fd Speci\u00e1l<\/strong> comes in at 13 degrees. In Czech brewing terms, the magical threshold of 13\u00b0 transforms a standard lager (le\u017e\u00e1k) into what\u2019s officially known as a <em>pivn\u00ed speci\u00e1l<\/em>, or \u201cspecial beer.\u201d That means that this <em>pivn\u00ed speci\u00e1l<\/em> is just a little bit stronger, darker, and more bitter than an ordinary lager. But make no mistake, it\u2019s still very much a pilsner!<\/p>\n<h4><strong><a href=\"https:\/\/www.nailobrewing.fi\/en\/product\/solstice\/\">SOLSTICE<\/a> &#8211; SOUR ALE WITH ORANGE, TANGERINE, CRANBERRY AND CINNAMON (5,7%)<\/strong><\/h4>\n<p>To brighten up the gloomy midwinter, we put together a sunny citrusy sour. <strong>SOLSTICE<\/strong> is flavored with fruits we associate with the winter season: oranges, tangerines, and cranberries. And for a touch of festive magic, we added a little bit of cinnamon. As you might have guessed, <strong>SOLSTICE<\/strong> is super citrusy, with both orange and tangerine right up front. Cranberry stays more in the background, giving the sour a subtle tannic backbone. And the cinnamon? We kept it gentle with just a hint in the aftertaste<\/p>\n<h4><strong><a href=\"https:\/\/www.nailobrewing.fi\/en\/product\/lune\/\">LUNE<\/a> &#8211; IMPERIAL STOUT WITH VANILLA AND COCOA NIBS (12%)<\/strong><\/h4>\n<p>We\u2019re no strangers to wild adjunct combinations but with <strong>LUNE<\/strong>, we aimed for simplicity. We infused this rich and sweet Imperial Stout with something a bit more down-to-earth: vanilla beans and cocoa nibs. But simple doesn\u2019t mean boring!Instead of the classic Madagascar Bourbon vanilla, we reached for lesser-known varieties with unique aromatic profiles: Mexican Veracruz, Uganda Black Ebony and Lake Victoria Brown. Alongside the beloved vanilla smoothness, these varieties bring notes of chocolate, caramel, figs, strawberries, and plums, with subtle hints of cashew, tobacco, and gentle smokiness. To create the bold body and lush viscosity this style is known for, we extended the boil well beyond the usual hour\u2014over seven hours, to be exact.<\/p>\n<p>And because it&#8217;s the season of giving, we&#8217;re offering you this festive 4-pack for <strong>19,50\u20ac<\/strong>, which is almost 15% off the original price. Plus, it comes with a colorful can holder and a handmade bow, all ready for gifting. So, whether you\u2019re treating a beer lover friend, a family member or just indulging yourself, we hope it brings a bit of joy!<\/p>\n","protected":false},"excerpt":{"rendered":"<p>pack of 4 handpicked beers<\/p>\n","protected":false},"featured_media":2460,"template":"","meta":{"_monsterinsights_skip_tracking":false,"_monsterinsights_sitenote_active":false,"_monsterinsights_sitenote_note":"","_monsterinsights_sitenote_category":0,"neve_meta_sidebar":"","neve_meta_container":"","neve_meta_enable_content_width":"off","neve_meta_content_width":100,"neve_meta_title_alignment":"","neve_meta_author_avatar":"","neve_post_elements_order":"","neve_meta_disable_header":"","neve_meta_disable_footer":"","neve_meta_disable_title":"","neve_meta_reading_time":"","_themeisle_gutenberg_block_has_review":false},"product_brand":[],"product_cat":[20],"product_tag":[],"class_list":{"0":"post-2028","1":"product","2":"type-product","3":"status-publish","4":"has-post-thumbnail","6":"product_cat-craft-beer","8":"first","9":"outofstock","10":"sale","11":"taxable","12":"shipping-taxable","13":"purchasable","14":"product-type-simple"},"yoast_head":"<!-- This site is optimized with the Yoast SEO plugin v27.3 - https:\/\/yoast.com\/product\/yoast-seo-wordpress\/ -->\n<title>Christmas 4-pack<\/title>\n<meta name=\"description\" content=\"Christmas 4-pack containing a Lager, an Imperial Stout, a NEPA and a Sour Ale. All that in a colourful can holder with a bow on top. Ready for gifting!\" \/>\n<meta name=\"robots\" content=\"index, follow, max-snippet:-1, max-image-preview:large, max-video-preview:-1\" \/>\n<link rel=\"canonical\" href=\"https:\/\/www.nailobrewing.fi\/en\/product\/christmas-4-pack\/\" \/>\n<meta property=\"og:locale\" content=\"en_US\" \/>\n<meta property=\"og:type\" content=\"article\" \/>\n<meta property=\"og:title\" content=\"Christmas 4-pack\" \/>\n<meta property=\"og:description\" content=\"Christmas 4-pack containing a Lager, an Imperial Stout, a NEPA and a Sour Ale. All that in a colourful can holder with a bow on top. Ready for gifting!\" \/>\n<meta property=\"og:url\" content=\"https:\/\/www.nailobrewing.fi\/en\/product\/christmas-4-pack\/\" \/>\n<meta property=\"og:site_name\" content=\"na\u00eflo brewing co.\" \/>\n<meta property=\"article:publisher\" content=\"https:\/\/www.facebook.com\/nailobrewingco\/\" \/>\n<meta property=\"article:modified_time\" content=\"2026-01-03T07:33:37+00:00\" \/>\n<meta property=\"og:image\" content=\"https:\/\/www.nailobrewing.fi\/wp-content\/uploads\/2024\/12\/7-2.jpg\" \/>\n\t<meta property=\"og:image:width\" content=\"1619\" \/>\n\t<meta property=\"og:image:height\" content=\"1619\" \/>\n\t<meta property=\"og:image:type\" content=\"image\/jpeg\" \/>\n<meta name=\"twitter:card\" content=\"summary_large_image\" \/>\n<meta name=\"twitter:label1\" content=\"Est. reading time\" \/>\n\t<meta name=\"twitter:data1\" content=\"3 minutes\" \/>\n<script type=\"application\/ld+json\" class=\"yoast-schema-graph\">{\"@context\":\"https:\\\/\\\/schema.org\",\"@graph\":[{\"@type\":\"WebPage\",\"@id\":\"https:\\\/\\\/www.nailobrewing.fi\\\/en\\\/product\\\/christmas-4-pack\\\/\",\"url\":\"https:\\\/\\\/www.nailobrewing.fi\\\/en\\\/product\\\/christmas-4-pack\\\/\",\"name\":\"Christmas 4-pack\",\"isPartOf\":{\"@id\":\"https:\\\/\\\/www.nailobrewing.fi\\\/en\\\/#website\"},\"primaryImageOfPage\":{\"@id\":\"https:\\\/\\\/www.nailobrewing.fi\\\/en\\\/product\\\/christmas-4-pack\\\/#primaryimage\"},\"image\":{\"@id\":\"https:\\\/\\\/www.nailobrewing.fi\\\/en\\\/product\\\/christmas-4-pack\\\/#primaryimage\"},\"thumbnailUrl\":\"https:\\\/\\\/www.nailobrewing.fi\\\/wp-content\\\/uploads\\\/2024\\\/12\\\/7-2.jpg\",\"datePublished\":\"2024-12-13T11:54:35+00:00\",\"dateModified\":\"2026-01-03T07:33:37+00:00\",\"description\":\"Christmas 4-pack containing a Lager, an Imperial Stout, a NEPA and a Sour Ale. All that in a colourful can holder with a bow on top. Ready for gifting!\",\"breadcrumb\":{\"@id\":\"https:\\\/\\\/www.nailobrewing.fi\\\/en\\\/product\\\/christmas-4-pack\\\/#breadcrumb\"},\"inLanguage\":\"en-US\",\"potentialAction\":[{\"@type\":\"ReadAction\",\"target\":[\"https:\\\/\\\/www.nailobrewing.fi\\\/en\\\/product\\\/christmas-4-pack\\\/\"]}]},{\"@type\":\"ImageObject\",\"inLanguage\":\"en-US\",\"@id\":\"https:\\\/\\\/www.nailobrewing.fi\\\/en\\\/product\\\/christmas-4-pack\\\/#primaryimage\",\"url\":\"https:\\\/\\\/www.nailobrewing.fi\\\/wp-content\\\/uploads\\\/2024\\\/12\\\/7-2.jpg\",\"contentUrl\":\"https:\\\/\\\/www.nailobrewing.fi\\\/wp-content\\\/uploads\\\/2024\\\/12\\\/7-2.jpg\",\"width\":1619,\"height\":1619,\"caption\":\"Christmas 4-pack picture\"},{\"@type\":\"BreadcrumbList\",\"@id\":\"https:\\\/\\\/www.nailobrewing.fi\\\/en\\\/product\\\/christmas-4-pack\\\/#breadcrumb\",\"itemListElement\":[{\"@type\":\"ListItem\",\"position\":1,\"name\":\"Home\",\"item\":\"https:\\\/\\\/www.nailobrewing.fi\\\/en\\\/\"},{\"@type\":\"ListItem\",\"position\":2,\"name\":\"Shop\",\"item\":\"https:\\\/\\\/www.nailobrewing.fi\\\/shop-2\\\/\"},{\"@type\":\"ListItem\",\"position\":3,\"name\":\"Christmas 4-pack\"}]},{\"@type\":\"WebSite\",\"@id\":\"https:\\\/\\\/www.nailobrewing.fi\\\/en\\\/#website\",\"url\":\"https:\\\/\\\/www.nailobrewing.fi\\\/en\\\/\",\"name\":\"na\u00eflo brewing co.\",\"description\":\"\",\"publisher\":{\"@id\":\"https:\\\/\\\/www.nailobrewing.fi\\\/en\\\/#organization\"},\"potentialAction\":[{\"@type\":\"SearchAction\",\"target\":{\"@type\":\"EntryPoint\",\"urlTemplate\":\"https:\\\/\\\/www.nailobrewing.fi\\\/en\\\/?s={search_term_string}\"},\"query-input\":{\"@type\":\"PropertyValueSpecification\",\"valueRequired\":true,\"valueName\":\"search_term_string\"}}],\"inLanguage\":\"en-US\"},{\"@type\":\"Organization\",\"@id\":\"https:\\\/\\\/www.nailobrewing.fi\\\/en\\\/#organization\",\"name\":\"na\u00eflo brewing co.\",\"url\":\"https:\\\/\\\/www.nailobrewing.fi\\\/en\\\/\",\"logo\":{\"@type\":\"ImageObject\",\"inLanguage\":\"en-US\",\"@id\":\"https:\\\/\\\/www.nailobrewing.fi\\\/en\\\/#\\\/schema\\\/logo\\\/image\\\/\",\"url\":\"https:\\\/\\\/www.nailobrewing.fi\\\/wp-content\\\/uploads\\\/2023\\\/09\\\/nailo-logo.png\",\"contentUrl\":\"https:\\\/\\\/www.nailobrewing.fi\\\/wp-content\\\/uploads\\\/2023\\\/09\\\/nailo-logo.png\",\"width\":300,\"height\":567,\"caption\":\"na\u00eflo brewing co.\"},\"image\":{\"@id\":\"https:\\\/\\\/www.nailobrewing.fi\\\/en\\\/#\\\/schema\\\/logo\\\/image\\\/\"},\"sameAs\":[\"https:\\\/\\\/www.facebook.com\\\/nailobrewingco\\\/\"]}]}<\/script>\n<!-- \/ Yoast SEO plugin. -->","yoast_head_json":{"title":"Christmas 4-pack","description":"Christmas 4-pack containing a Lager, an Imperial Stout, a NEPA and a Sour Ale. All that in a colourful can holder with a bow on top. Ready for gifting!","robots":{"index":"index","follow":"follow","max-snippet":"max-snippet:-1","max-image-preview":"max-image-preview:large","max-video-preview":"max-video-preview:-1"},"canonical":"https:\/\/www.nailobrewing.fi\/en\/product\/christmas-4-pack\/","og_locale":"en_US","og_type":"article","og_title":"Christmas 4-pack","og_description":"Christmas 4-pack containing a Lager, an Imperial Stout, a NEPA and a Sour Ale. All that in a colourful can holder with a bow on top. Ready for gifting!","og_url":"https:\/\/www.nailobrewing.fi\/en\/product\/christmas-4-pack\/","og_site_name":"na\u00eflo brewing co.","article_publisher":"https:\/\/www.facebook.com\/nailobrewingco\/","article_modified_time":"2026-01-03T07:33:37+00:00","og_image":[{"width":1619,"height":1619,"url":"https:\/\/www.nailobrewing.fi\/wp-content\/uploads\/2024\/12\/7-2.jpg","type":"image\/jpeg"}],"twitter_card":"summary_large_image","twitter_misc":{"Est. reading time":"3 minutes"},"schema":{"@context":"https:\/\/schema.org","@graph":[{"@type":"WebPage","@id":"https:\/\/www.nailobrewing.fi\/en\/product\/christmas-4-pack\/","url":"https:\/\/www.nailobrewing.fi\/en\/product\/christmas-4-pack\/","name":"Christmas 4-pack","isPartOf":{"@id":"https:\/\/www.nailobrewing.fi\/en\/#website"},"primaryImageOfPage":{"@id":"https:\/\/www.nailobrewing.fi\/en\/product\/christmas-4-pack\/#primaryimage"},"image":{"@id":"https:\/\/www.nailobrewing.fi\/en\/product\/christmas-4-pack\/#primaryimage"},"thumbnailUrl":"https:\/\/www.nailobrewing.fi\/wp-content\/uploads\/2024\/12\/7-2.jpg","datePublished":"2024-12-13T11:54:35+00:00","dateModified":"2026-01-03T07:33:37+00:00","description":"Christmas 4-pack containing a Lager, an Imperial Stout, a NEPA and a Sour Ale. All that in a colourful can holder with a bow on top. Ready for gifting!","breadcrumb":{"@id":"https:\/\/www.nailobrewing.fi\/en\/product\/christmas-4-pack\/#breadcrumb"},"inLanguage":"en-US","potentialAction":[{"@type":"ReadAction","target":["https:\/\/www.nailobrewing.fi\/en\/product\/christmas-4-pack\/"]}]},{"@type":"ImageObject","inLanguage":"en-US","@id":"https:\/\/www.nailobrewing.fi\/en\/product\/christmas-4-pack\/#primaryimage","url":"https:\/\/www.nailobrewing.fi\/wp-content\/uploads\/2024\/12\/7-2.jpg","contentUrl":"https:\/\/www.nailobrewing.fi\/wp-content\/uploads\/2024\/12\/7-2.jpg","width":1619,"height":1619,"caption":"Christmas 4-pack picture"},{"@type":"BreadcrumbList","@id":"https:\/\/www.nailobrewing.fi\/en\/product\/christmas-4-pack\/#breadcrumb","itemListElement":[{"@type":"ListItem","position":1,"name":"Home","item":"https:\/\/www.nailobrewing.fi\/en\/"},{"@type":"ListItem","position":2,"name":"Shop","item":"https:\/\/www.nailobrewing.fi\/shop-2\/"},{"@type":"ListItem","position":3,"name":"Christmas 4-pack"}]},{"@type":"WebSite","@id":"https:\/\/www.nailobrewing.fi\/en\/#website","url":"https:\/\/www.nailobrewing.fi\/en\/","name":"na\u00eflo brewing co.","description":"","publisher":{"@id":"https:\/\/www.nailobrewing.fi\/en\/#organization"},"potentialAction":[{"@type":"SearchAction","target":{"@type":"EntryPoint","urlTemplate":"https:\/\/www.nailobrewing.fi\/en\/?s={search_term_string}"},"query-input":{"@type":"PropertyValueSpecification","valueRequired":true,"valueName":"search_term_string"}}],"inLanguage":"en-US"},{"@type":"Organization","@id":"https:\/\/www.nailobrewing.fi\/en\/#organization","name":"na\u00eflo brewing co.","url":"https:\/\/www.nailobrewing.fi\/en\/","logo":{"@type":"ImageObject","inLanguage":"en-US","@id":"https:\/\/www.nailobrewing.fi\/en\/#\/schema\/logo\/image\/","url":"https:\/\/www.nailobrewing.fi\/wp-content\/uploads\/2023\/09\/nailo-logo.png","contentUrl":"https:\/\/www.nailobrewing.fi\/wp-content\/uploads\/2023\/09\/nailo-logo.png","width":300,"height":567,"caption":"na\u00eflo brewing co."},"image":{"@id":"https:\/\/www.nailobrewing.fi\/en\/#\/schema\/logo\/image\/"},"sameAs":["https:\/\/www.facebook.com\/nailobrewingco\/"]}]}},"jetpack_sharing_enabled":true,"_links":{"self":[{"href":"https:\/\/www.nailobrewing.fi\/en\/wp-json\/wp\/v2\/product\/2028","targetHints":{"allow":["GET"]}}],"collection":[{"href":"https:\/\/www.nailobrewing.fi\/en\/wp-json\/wp\/v2\/product"}],"about":[{"href":"https:\/\/www.nailobrewing.fi\/en\/wp-json\/wp\/v2\/types\/product"}],"wp:featuredmedia":[{"embeddable":true,"href":"https:\/\/www.nailobrewing.fi\/en\/wp-json\/wp\/v2\/media\/2460"}],"wp:attachment":[{"href":"https:\/\/www.nailobrewing.fi\/en\/wp-json\/wp\/v2\/media?parent=2028"}],"wp:term":[{"taxonomy":"product_brand","embeddable":true,"href":"https:\/\/www.nailobrewing.fi\/en\/wp-json\/wp\/v2\/product_brand?post=2028"},{"taxonomy":"product_cat","embeddable":true,"href":"https:\/\/www.nailobrewing.fi\/en\/wp-json\/wp\/v2\/product_cat?post=2028"},{"taxonomy":"product_tag","embeddable":true,"href":"https:\/\/www.nailobrewing.fi\/en\/wp-json\/wp\/v2\/product_tag?post=2028"}],"curies":[{"name":"wp","href":"https:\/\/api.w.org\/{rel}","templated":true}]}}