{"id":1032,"date":"2023-09-18T15:37:24","date_gmt":"2023-09-18T12:37:24","guid":{"rendered":"https:\/\/www.nailobrewing.fi\/?page_id=1032"},"modified":"2025-11-07T17:00:16","modified_gmt":"2025-11-07T15:00:16","slug":"retailers","status":"publish","type":"page","link":"https:\/\/www.nailobrewing.fi\/en\/retailers\/","title":{"rendered":"Retailers"},"content":{"rendered":"\n<div id=\"wp-block-themeisle-blocks-advanced-columns-8b0644ce\" class=\"wp-block-themeisle-blocks-advanced-columns has-1-columns has-desktop-equal-layout has-tablet-equal-layout has-mobile-equal-layout has-vertical-unset ticss-b27c200f\"><div class=\"wp-block-themeisle-blocks-advanced-columns-overlay\"><\/div><div class=\"innerblocks-wrap\">\n<div id=\"wp-block-themeisle-blocks-advanced-column-69149d15\" class=\"wp-block-themeisle-blocks-advanced-column\">\n<h1 id=\"wp-block-themeisle-blocks-advanced-heading-04592cbe\" class=\"wp-block-themeisle-blocks-advanced-heading wp-block-themeisle-blocks-advanced-heading-04592cbe\">retailers<\/h1>\n<\/div>\n<\/div><div class=\"wp-block-themeisle-blocks-advanced-columns-separators bottom\"><svg id=\"slant\" fill=\"var(--nv-site-bg)\" viewBox=\"0 0 100 100\" width=\"100%\" height=\"100\" preserveAspectRatio=\"none\" xmlns=\"http:\/\/www.w3.org\/2000\/svg\" class=\"rotate\"><path d=\"M0 0 L100 100 L100 0 Z\"><\/path><\/svg><\/div><\/div>\n\n\n\n<div id=\"wp-block-themeisle-blocks-advanced-columns-3b536191\" class=\"wp-block-themeisle-blocks-advanced-columns has-1-columns has-desktop-equal-layout has-tablet-equal-layout has-mobile-equal-layout has-vertical-unset\"><div class=\"wp-block-themeisle-blocks-advanced-columns-overlay\"><\/div><div class=\"innerblocks-wrap\">\n<div id=\"wp-block-themeisle-blocks-advanced-column-0bd6a64a\" class=\"wp-block-themeisle-blocks-advanced-column\">\n<p class=\"has-medium-font-size\"><strong>Here&#8217;s where you can get na\u00eflo beers in your city. <\/strong><\/p>\n\n\n\n<p>Can&#8217;t find any retailer near you? Send a product wish to your favorite shop and we might be able to get our beers into their selection!<\/p>\n\n\n\n<p style=\"font-size:13px\">We&#8217;re continuously updating the retailers list. We are unfortunately unable to guarantee availability of our products in these locations at all times. <\/p>\n<\/div>\n<\/div><\/div>\n\n\n\n<div id=\"wp-block-themeisle-blocks-advanced-columns-6331c112\" class=\"wp-block-themeisle-blocks-advanced-columns has-1-columns has-desktop-equal-layout has-tablet-equal-layout has-mobile-collapsedRows-layout has-vertical-unset\"><div class=\"wp-block-themeisle-blocks-advanced-columns-overlay\"><\/div><div class=\"innerblocks-wrap\">\n<div id=\"wp-block-themeisle-blocks-advanced-column-682776f1\" class=\"wp-block-themeisle-blocks-advanced-column\">\n<h3 id=\"wp-block-themeisle-blocks-advanced-heading-db5aa965\" class=\"wp-block-themeisle-blocks-advanced-heading wp-block-themeisle-blocks-advanced-heading-db5aa965\">oulu<\/h3>\n\n\n\n<div class=\"wp-block-columns is-layout-flex wp-container-core-columns-is-layout-9d6595d7 wp-block-columns-is-layout-flex\">\n<div class=\"wp-block-column is-layout-flow wp-block-column-is-layout-flow\">\n<div id=\"wp-block-themeisle-blocks-icon-list-660c7704\" class=\"wp-block-themeisle-blocks-icon-list\">\n<div id=\"wp-block-themeisle-blocks-icon-list-item-93907244\" class=\"wp-block-themeisle-blocks-icon-list-item\"><i class=\"fas fa-shopping-basket wp-block-themeisle-blocks-icon-list-item-icon\"><\/i><p class=\"wp-block-themeisle-blocks-icon-list-item-content\">KCM Pekuri<\/p><\/div>\n\n\n\n<div id=\"wp-block-themeisle-blocks-icon-list-item-27c5f1ec\" class=\"wp-block-themeisle-blocks-icon-list-item\"><i class=\"fas fa-shopping-basket wp-block-themeisle-blocks-icon-list-item-icon\"><\/i><p class=\"wp-block-themeisle-blocks-icon-list-item-content\">KCM Rusko<\/p><\/div>\n\n\n\n<div id=\"wp-block-themeisle-blocks-icon-list-item-9c33000a\" class=\"wp-block-themeisle-blocks-icon-list-item\"><i class=\"fas fa-shopping-basket wp-block-themeisle-blocks-icon-list-item-icon\"><\/i><p class=\"wp-block-themeisle-blocks-icon-list-item-content\">KCM Kaakkuri<\/p><\/div>\n\n\n\n<div id=\"wp-block-themeisle-blocks-icon-list-item-f4790307\" class=\"wp-block-themeisle-blocks-icon-list-item\"><i class=\"fas fa-shopping-basket wp-block-themeisle-blocks-icon-list-item-icon\"><\/i><p class=\"wp-block-themeisle-blocks-icon-list-item-content\">KCM Raksila<\/p><\/div>\n<\/div>\n<\/div>\n\n\n\n<div class=\"wp-block-column is-layout-flow wp-block-column-is-layout-flow\">\n<div id=\"wp-block-themeisle-blocks-icon-list-d5a7d6eb\" class=\"wp-block-themeisle-blocks-icon-list\">\n<div id=\"wp-block-themeisle-blocks-icon-list-item-169c7a3a\" class=\"wp-block-themeisle-blocks-icon-list-item\"><i class=\"fas fa-shopping-basket wp-block-themeisle-blocks-icon-list-item-icon\"><\/i><p class=\"wp-block-themeisle-blocks-icon-list-item-content\">KSM Toppila<\/p><\/div>\n\n\n\n<div id=\"wp-block-themeisle-blocks-icon-list-item-6bc25aa9\" class=\"wp-block-themeisle-blocks-icon-list-item\"><i class=\"fas fa-shopping-basket wp-block-themeisle-blocks-icon-list-item-icon\"><\/i><p class=\"wp-block-themeisle-blocks-icon-list-item-content\">KSM V\u00e4livainio<\/p><\/div>\n\n\n\n<div id=\"wp-block-themeisle-blocks-icon-list-item-5779db88\" class=\"wp-block-themeisle-blocks-icon-list-item\"><i class=\"fas fa-shopping-basket wp-block-themeisle-blocks-icon-list-item-icon\"><\/i><p class=\"wp-block-themeisle-blocks-icon-list-item-content\">KSM Knuutilankangas<\/p><\/div>\n\n\n\n<div id=\"wp-block-themeisle-blocks-icon-list-item-e326153c\" class=\"wp-block-themeisle-blocks-icon-list-item\"><i class=\"fas fa-shopping-basket wp-block-themeisle-blocks-icon-list-item-icon\"><\/i><p class=\"wp-block-themeisle-blocks-icon-list-item-content\">KM Torinranta<\/p><\/div>\n<\/div>\n<\/div>\n\n\n\n<div class=\"wp-block-column is-layout-flow wp-block-column-is-layout-flow\">\n<div id=\"wp-block-themeisle-blocks-icon-list-68cac35e\" class=\"wp-block-themeisle-blocks-icon-list\">\n<div id=\"wp-block-themeisle-blocks-icon-list-item-6a9a0d42\" class=\"wp-block-themeisle-blocks-icon-list-item\"><i class=\"fas fa-shopping-basket wp-block-themeisle-blocks-icon-list-item-icon\"><\/i><p class=\"wp-block-themeisle-blocks-icon-list-item-content\">KSM Revontori<\/p><\/div>\n\n\n\n<div id=\"wp-block-themeisle-blocks-icon-list-item-dbfbb862\" class=\"wp-block-themeisle-blocks-icon-list-item\"><i class=\"fas fa-shopping-basket wp-block-themeisle-blocks-icon-list-item-icon\"><\/i><p class=\"wp-block-themeisle-blocks-icon-list-item-content\">Prisma Limingantulli<\/p><\/div>\n\n\n\n<div id=\"wp-block-themeisle-blocks-icon-list-item-4b3b7e74\" class=\"wp-block-themeisle-blocks-icon-list-item\"><i class=\"fas fa-shopping-basket wp-block-themeisle-blocks-icon-list-item-icon\"><\/i><p class=\"wp-block-themeisle-blocks-icon-list-item-content\">Prisma Linnanmaa<\/p><\/div>\n\n\n\n<div id=\"wp-block-themeisle-blocks-icon-list-item-ef692bb5\" class=\"wp-block-themeisle-blocks-icon-list-item\"><i class=\"fas fa-shopping-basket wp-block-themeisle-blocks-icon-list-item-icon\"><\/i><p class=\"wp-block-themeisle-blocks-icon-list-item-content\">Sokos Herkku<\/p><\/div>\n<\/div>\n<\/div>\n<\/div>\n<\/div>\n<\/div><\/div>\n\n\n\n<div id=\"wp-block-themeisle-blocks-advanced-columns-79f76567\" class=\"wp-block-themeisle-blocks-advanced-columns has-3-columns has-desktop-equal-layout has-tablet-equal-layout has-mobile-collapsedRows-layout has-vertical-unset\"><div class=\"wp-block-themeisle-blocks-advanced-columns-overlay\"><\/div><div class=\"innerblocks-wrap\">\n<div id=\"wp-block-themeisle-blocks-advanced-column-d0a27d13\" class=\"wp-block-themeisle-blocks-advanced-column\">\n<h3 id=\"wp-block-themeisle-blocks-advanced-heading-abaceff5\" class=\"wp-block-themeisle-blocks-advanced-heading wp-block-themeisle-blocks-advanced-heading-abaceff5\">helsinki<\/h3>\n\n\n\n<div id=\"wp-block-themeisle-blocks-icon-list-42a65c78\" class=\"wp-block-themeisle-blocks-icon-list\">\n<div id=\"wp-block-themeisle-blocks-icon-list-item-bf1cad43\" class=\"wp-block-themeisle-blocks-icon-list-item\"><i class=\"fas fa-shopping-basket wp-block-themeisle-blocks-icon-list-item-icon\"><\/i><p class=\"wp-block-themeisle-blocks-icon-list-item-content\">KCM Ruoholahti<\/p><\/div>\n\n\n\n<div id=\"wp-block-themeisle-blocks-icon-list-item-b8f8e92d\" class=\"wp-block-themeisle-blocks-icon-list-item\"><i class=\"fas fa-shopping-basket wp-block-themeisle-blocks-icon-list-item-icon\"><\/i><p class=\"wp-block-themeisle-blocks-icon-list-item-content\">KSM Redi<\/p><\/div>\n\n\n\n<div id=\"wp-block-themeisle-blocks-icon-list-item-f0997809\" class=\"wp-block-themeisle-blocks-icon-list-item\"><i class=\"fas fa-beer wp-block-themeisle-blocks-icon-list-item-icon\"><\/i><p class=\"wp-block-themeisle-blocks-icon-list-item-content\">Pien<\/p><\/div>\n<\/div>\n<\/div>\n\n\n\n<div id=\"wp-block-themeisle-blocks-advanced-column-acc602bf\" class=\"wp-block-themeisle-blocks-advanced-column\">\n<h3 id=\"wp-block-themeisle-blocks-advanced-heading-4c3b17e7\" class=\"wp-block-themeisle-blocks-advanced-heading wp-block-themeisle-blocks-advanced-heading-4c3b17e7\">vantaa<\/h3>\n\n\n\n<div id=\"wp-block-themeisle-blocks-icon-list-70c827ed\" class=\"wp-block-themeisle-blocks-icon-list\">\n<div id=\"wp-block-themeisle-blocks-icon-list-item-d3a425a4\" class=\"wp-block-themeisle-blocks-icon-list-item\"><i class=\"fas fa-shopping-basket wp-block-themeisle-blocks-icon-list-item-icon\"><\/i><p class=\"wp-block-themeisle-blocks-icon-list-item-content\">KCM Vantaa Jumbo<\/p><\/div>\n<\/div>\n<\/div>\n\n\n\n<div id=\"wp-block-themeisle-blocks-advanced-column-0edb0424\" class=\"wp-block-themeisle-blocks-advanced-column\">\n<h3 id=\"wp-block-themeisle-blocks-advanced-heading-4413eff8\" class=\"wp-block-themeisle-blocks-advanced-heading wp-block-themeisle-blocks-advanced-heading-4413eff8\">jyv\u00e4skyl\u00e4<\/h3>\n\n\n\n<div id=\"wp-block-themeisle-blocks-icon-list-4d7b6d94\" class=\"wp-block-themeisle-blocks-icon-list\">\n<div id=\"wp-block-themeisle-blocks-icon-list-item-b9f829f3\" class=\"wp-block-themeisle-blocks-icon-list-item\"><i class=\"fas fa-shopping-basket wp-block-themeisle-blocks-icon-list-item-icon\"><\/i><p class=\"wp-block-themeisle-blocks-icon-list-item-content\">KCM Palokka<\/p><\/div>\n<\/div>\n<\/div>\n<\/div><\/div>\n\n\n\n<div id=\"wp-block-themeisle-blocks-advanced-columns-112d71ea\" class=\"wp-block-themeisle-blocks-advanced-columns has-3-columns has-desktop-equal-layout has-tablet-equal-layout has-mobile-collapsedRows-layout has-vertical-unset\"><div class=\"wp-block-themeisle-blocks-advanced-columns-overlay\"><\/div><div class=\"innerblocks-wrap\">\n<div id=\"wp-block-themeisle-blocks-advanced-column-f3f740c6\" class=\"wp-block-themeisle-blocks-advanced-column\">\n<h3 id=\"wp-block-themeisle-blocks-advanced-heading-7c7e51db\" class=\"wp-block-themeisle-blocks-advanced-heading wp-block-themeisle-blocks-advanced-heading-7c7e51db\">tampere<\/h3>\n\n\n\n<div id=\"wp-block-themeisle-blocks-icon-list-d39a5b6c\" class=\"wp-block-themeisle-blocks-icon-list\">\n<div id=\"wp-block-themeisle-blocks-icon-list-item-0ff63b2e\" class=\"wp-block-themeisle-blocks-icon-list-item\"><i class=\"fas fa-shopping-basket wp-block-themeisle-blocks-icon-list-item-icon\"><\/i><p class=\"wp-block-themeisle-blocks-icon-list-item-content\">KSM Kunninkaankulma<\/p><\/div>\n\n\n\n<div id=\"wp-block-themeisle-blocks-icon-list-item-f6c4a882\" class=\"wp-block-themeisle-blocks-icon-list-item\"><i class=\"fas fa-shopping-basket wp-block-themeisle-blocks-icon-list-item-icon\"><\/i><p class=\"wp-block-themeisle-blocks-icon-list-item-content\">KSM H\u00e4meenkatu<\/p><\/div>\n\n\n\n<div id=\"wp-block-themeisle-blocks-icon-list-item-36f1590f\" class=\"wp-block-themeisle-blocks-icon-list-item\"><i class=\"fas fa-shopping-basket wp-block-themeisle-blocks-icon-list-item-icon\"><\/i><p class=\"wp-block-themeisle-blocks-icon-list-item-content\">KSM Kaleva<\/p><\/div>\n\n\n\n<div id=\"wp-block-themeisle-blocks-icon-list-item-a00cd2be\" class=\"wp-block-themeisle-blocks-icon-list-item\"><i class=\"fas fa-shopping-basket wp-block-themeisle-blocks-icon-list-item-icon\"><\/i><p class=\"wp-block-themeisle-blocks-icon-list-item-content\">KSM Tammelan Stadion<\/p><\/div>\n\n\n\n<div id=\"wp-block-themeisle-blocks-icon-list-item-ac1693cc\" class=\"wp-block-themeisle-blocks-icon-list-item\"><i class=\"fas fa-shopping-basket wp-block-themeisle-blocks-icon-list-item-icon\"><\/i><p class=\"wp-block-themeisle-blocks-icon-list-item-content\">KCM Linnainmaa<\/p><\/div>\n\n\n\n<div id=\"wp-block-themeisle-blocks-icon-list-item-08dc8052\" class=\"wp-block-themeisle-blocks-icon-list-item\"><i class=\"fas fa-shopping-basket wp-block-themeisle-blocks-icon-list-item-icon\"><\/i><p class=\"wp-block-themeisle-blocks-icon-list-item-content\">KCM Turtola<\/p><\/div>\n\n\n\n<div id=\"wp-block-themeisle-blocks-icon-list-item-a8d40d77\" class=\"wp-block-themeisle-blocks-icon-list-item\"><i class=\"fas fa-shopping-basket wp-block-themeisle-blocks-icon-list-item-icon\"><\/i><p class=\"wp-block-themeisle-blocks-icon-list-item-content\">KM Vellamonkatu<\/p><\/div>\n\n\n\n<div id=\"wp-block-themeisle-blocks-icon-list-item-82226ad7\" class=\"wp-block-themeisle-blocks-icon-list-item\"><i class=\"fas fa-shopping-basket wp-block-themeisle-blocks-icon-list-item-icon\"><\/i><p class=\"wp-block-themeisle-blocks-icon-list-item-content\">KM Tullintori<\/p><\/div>\n<\/div>\n<\/div>\n\n\n\n<div id=\"wp-block-themeisle-blocks-advanced-column-392fcbd6\" class=\"wp-block-themeisle-blocks-advanced-column\">\n<h3 id=\"wp-block-themeisle-blocks-advanced-heading-fa30a090\" class=\"wp-block-themeisle-blocks-advanced-heading wp-block-themeisle-blocks-advanced-heading-fa30a090\">pirkkala<\/h3>\n\n\n\n<div id=\"wp-block-themeisle-blocks-icon-list-e52e1fac\" class=\"wp-block-themeisle-blocks-icon-list\">\n<div id=\"wp-block-themeisle-blocks-icon-list-item-5734952a\" class=\"wp-block-themeisle-blocks-icon-list-item\"><i class=\"fas fa-shopping-basket wp-block-themeisle-blocks-icon-list-item-icon\"><\/i><p class=\"wp-block-themeisle-blocks-icon-list-item-content\">KCM Pirkkala<\/p><\/div>\n<\/div>\n<\/div>\n\n\n\n<div id=\"wp-block-themeisle-blocks-advanced-column-c352d5b8\" class=\"wp-block-themeisle-blocks-advanced-column\">\n<h3 id=\"wp-block-themeisle-blocks-advanced-heading-417eb54f\" class=\"wp-block-themeisle-blocks-advanced-heading wp-block-themeisle-blocks-advanced-heading-417eb54f\">LEMP\u00c4\u00c4L\u00c4<\/h3>\n\n\n\n<div id=\"wp-block-themeisle-blocks-icon-list-b6a193db\" class=\"wp-block-themeisle-blocks-icon-list\">\n<div id=\"wp-block-themeisle-blocks-icon-list-item-8e612f45\" class=\"wp-block-themeisle-blocks-icon-list-item\"><i class=\"fas fa-shopping-basket wp-block-themeisle-blocks-icon-list-item-icon\"><\/i><p class=\"wp-block-themeisle-blocks-icon-list-item-content\">KCM Lemp\u00e4\u00e4l\u00e4 Ideapark<\/p><\/div>\n<\/div>\n<\/div>\n<\/div><\/div>\n\n\n\n<div id=\"wp-block-themeisle-blocks-advanced-columns-e4219443\" class=\"wp-block-themeisle-blocks-advanced-columns has-3-columns has-desktop-equal-layout has-tablet-equal-layout has-mobile-collapsedRows-layout has-vertical-unset\"><div class=\"wp-block-themeisle-blocks-advanced-columns-overlay\"><\/div><div class=\"innerblocks-wrap\">\n<div id=\"wp-block-themeisle-blocks-advanced-column-bed7162d\" class=\"wp-block-themeisle-blocks-advanced-column\">\n<h3 id=\"wp-block-themeisle-blocks-advanced-heading-f055f5aa\" class=\"wp-block-themeisle-blocks-advanced-heading wp-block-themeisle-blocks-advanced-heading-f055f5aa\">H\u00c4MEENLINNA<\/h3>\n\n\n\n<div id=\"wp-block-themeisle-blocks-icon-list-4d286fe1\" class=\"wp-block-themeisle-blocks-icon-list\">\n<div id=\"wp-block-themeisle-blocks-icon-list-item-3de1a1c2\" class=\"wp-block-themeisle-blocks-icon-list-item\"><i class=\"fas fa-shopping-basket wp-block-themeisle-blocks-icon-list-item-icon\"><\/i><p class=\"wp-block-themeisle-blocks-icon-list-item-content\">KCM H\u00e4meenlinna H\u00e4meensaari<\/p><\/div>\n<\/div>\n<\/div>\n\n\n\n<div id=\"wp-block-themeisle-blocks-advanced-column-be2cde01\" class=\"wp-block-themeisle-blocks-advanced-column\">\n<h3 id=\"wp-block-themeisle-blocks-advanced-heading-416caa39\" class=\"wp-block-themeisle-blocks-advanced-heading wp-block-themeisle-blocks-advanced-heading-416caa39\">TURKU<\/h3>\n\n\n\n<div id=\"wp-block-themeisle-blocks-icon-list-65fed6f8\" class=\"wp-block-themeisle-blocks-icon-list\">\n<div id=\"wp-block-themeisle-blocks-icon-list-item-aa7059f7\" class=\"wp-block-themeisle-blocks-icon-list-item\"><i class=\"fas fa-beer wp-block-themeisle-blocks-icon-list-item-icon\"><\/i><p class=\"wp-block-themeisle-blocks-icon-list-item-content\">5piste5<\/p><\/div>\n<\/div>\n<\/div>\n\n\n\n<div id=\"wp-block-themeisle-blocks-advanced-column-5e6ea3e6\" class=\"wp-block-themeisle-blocks-advanced-column\">\n<h3 id=\"wp-block-themeisle-blocks-advanced-heading-b2d64cb7\" class=\"wp-block-themeisle-blocks-advanced-heading wp-block-themeisle-blocks-advanced-heading-b2d64cb7\"><\/h3>\n<\/div>\n<\/div><\/div>\n","protected":false},"excerpt":{"rendered":"","protected":false},"author":2,"featured_media":0,"parent":0,"menu_order":0,"comment_status":"closed","ping_status":"closed","template":"page-templates\/template-pagebuilder-full-width.php","meta":{"_monsterinsights_skip_tracking":false,"_monsterinsights_sitenote_active":false,"_monsterinsights_sitenote_note":"","_monsterinsights_sitenote_category":0,"neve_meta_sidebar":"full-width","neve_meta_container":"","neve_meta_enable_content_width":"on","neve_meta_content_width":100,"neve_meta_title_alignment":"","neve_meta_author_avatar":"","neve_post_elements_order":"","neve_meta_disable_header":"","neve_meta_disable_footer":"","neve_meta_disable_title":"on","neve_meta_reading_time":"","_themeisle_gutenberg_block_has_review":false,"footnotes":""},"class_list":["post-1032","page","type-page","status-publish","hentry"],"yoast_head":"<!-- This site is optimized with the Yoast SEO plugin v27.4 - https:\/\/yoast.com\/product\/yoast-seo-wordpress\/ -->\n<title>Retailers - na\u00eflo brewing co.<\/title>\n<meta name=\"robots\" content=\"index, follow, max-snippet:-1, max-image-preview:large, max-video-preview:-1\" \/>\n<link rel=\"canonical\" href=\"https:\/\/www.nailobrewing.fi\/en\/retailers\/\" \/>\n<meta property=\"og:locale\" content=\"en_US\" \/>\n<meta property=\"og:type\" content=\"article\" \/>\n<meta property=\"og:title\" content=\"Retailers - na\u00eflo brewing co.\" \/>\n<meta property=\"og:url\" content=\"https:\/\/www.nailobrewing.fi\/en\/retailers\/\" \/>\n<meta property=\"og:site_name\" content=\"na\u00eflo brewing co.\" \/>\n<meta property=\"article:publisher\" content=\"https:\/\/www.facebook.com\/nailobrewingco\/\" \/>\n<meta property=\"article:modified_time\" content=\"2025-11-07T15:00:16+00:00\" \/>\n<meta name=\"twitter:card\" content=\"summary_large_image\" \/>\n<meta name=\"twitter:label1\" content=\"Est. reading time\" \/>\n\t<meta name=\"twitter:data1\" content=\"1 minute\" \/>\n<script type=\"application\/ld+json\" class=\"yoast-schema-graph\">{\"@context\":\"https:\\\/\\\/schema.org\",\"@graph\":[{\"@type\":\"WebPage\",\"@id\":\"https:\\\/\\\/www.nailobrewing.fi\\\/en\\\/retailers\\\/\",\"url\":\"https:\\\/\\\/www.nailobrewing.fi\\\/en\\\/retailers\\\/\",\"name\":\"Retailers - na\u00eflo brewing co.\",\"isPartOf\":{\"@id\":\"https:\\\/\\\/www.nailobrewing.fi\\\/en\\\/#website\"},\"datePublished\":\"2023-09-18T12:37:24+00:00\",\"dateModified\":\"2025-11-07T15:00:16+00:00\",\"breadcrumb\":{\"@id\":\"https:\\\/\\\/www.nailobrewing.fi\\\/en\\\/retailers\\\/#breadcrumb\"},\"inLanguage\":\"en-US\",\"potentialAction\":[{\"@type\":\"ReadAction\",\"target\":[\"https:\\\/\\\/www.nailobrewing.fi\\\/en\\\/retailers\\\/\"]}]},{\"@type\":\"BreadcrumbList\",\"@id\":\"https:\\\/\\\/www.nailobrewing.fi\\\/en\\\/retailers\\\/#breadcrumb\",\"itemListElement\":[{\"@type\":\"ListItem\",\"position\":1,\"name\":\"Home\",\"item\":\"https:\\\/\\\/www.nailobrewing.fi\\\/en\\\/\"},{\"@type\":\"ListItem\",\"position\":2,\"name\":\"Retailers\"}]},{\"@type\":\"WebSite\",\"@id\":\"https:\\\/\\\/www.nailobrewing.fi\\\/en\\\/#website\",\"url\":\"https:\\\/\\\/www.nailobrewing.fi\\\/en\\\/\",\"name\":\"na\u00eflo brewing co.\",\"description\":\"\",\"publisher\":{\"@id\":\"https:\\\/\\\/www.nailobrewing.fi\\\/en\\\/#organization\"},\"potentialAction\":[{\"@type\":\"SearchAction\",\"target\":{\"@type\":\"EntryPoint\",\"urlTemplate\":\"https:\\\/\\\/www.nailobrewing.fi\\\/en\\\/?s={search_term_string}\"},\"query-input\":{\"@type\":\"PropertyValueSpecification\",\"valueRequired\":true,\"valueName\":\"search_term_string\"}}],\"inLanguage\":\"en-US\"},{\"@type\":\"Organization\",\"@id\":\"https:\\\/\\\/www.nailobrewing.fi\\\/en\\\/#organization\",\"name\":\"na\u00eflo brewing co.\",\"url\":\"https:\\\/\\\/www.nailobrewing.fi\\\/en\\\/\",\"logo\":{\"@type\":\"ImageObject\",\"inLanguage\":\"en-US\",\"@id\":\"https:\\\/\\\/www.nailobrewing.fi\\\/en\\\/#\\\/schema\\\/logo\\\/image\\\/\",\"url\":\"https:\\\/\\\/www.nailobrewing.fi\\\/wp-content\\\/uploads\\\/2023\\\/09\\\/nailo-logo.png\",\"contentUrl\":\"https:\\\/\\\/www.nailobrewing.fi\\\/wp-content\\\/uploads\\\/2023\\\/09\\\/nailo-logo.png\",\"width\":300,\"height\":567,\"caption\":\"na\u00eflo brewing co.\"},\"image\":{\"@id\":\"https:\\\/\\\/www.nailobrewing.fi\\\/en\\\/#\\\/schema\\\/logo\\\/image\\\/\"},\"sameAs\":[\"https:\\\/\\\/www.facebook.com\\\/nailobrewingco\\\/\"]}]}<\/script>\n<!-- \/ Yoast SEO plugin. -->","yoast_head_json":{"title":"Retailers - na\u00eflo brewing co.","robots":{"index":"index","follow":"follow","max-snippet":"max-snippet:-1","max-image-preview":"max-image-preview:large","max-video-preview":"max-video-preview:-1"},"canonical":"https:\/\/www.nailobrewing.fi\/en\/retailers\/","og_locale":"en_US","og_type":"article","og_title":"Retailers - na\u00eflo brewing co.","og_url":"https:\/\/www.nailobrewing.fi\/en\/retailers\/","og_site_name":"na\u00eflo brewing co.","article_publisher":"https:\/\/www.facebook.com\/nailobrewingco\/","article_modified_time":"2025-11-07T15:00:16+00:00","twitter_card":"summary_large_image","twitter_misc":{"Est. reading time":"1 minute"},"schema":{"@context":"https:\/\/schema.org","@graph":[{"@type":"WebPage","@id":"https:\/\/www.nailobrewing.fi\/en\/retailers\/","url":"https:\/\/www.nailobrewing.fi\/en\/retailers\/","name":"Retailers - na\u00eflo brewing co.","isPartOf":{"@id":"https:\/\/www.nailobrewing.fi\/en\/#website"},"datePublished":"2023-09-18T12:37:24+00:00","dateModified":"2025-11-07T15:00:16+00:00","breadcrumb":{"@id":"https:\/\/www.nailobrewing.fi\/en\/retailers\/#breadcrumb"},"inLanguage":"en-US","potentialAction":[{"@type":"ReadAction","target":["https:\/\/www.nailobrewing.fi\/en\/retailers\/"]}]},{"@type":"BreadcrumbList","@id":"https:\/\/www.nailobrewing.fi\/en\/retailers\/#breadcrumb","itemListElement":[{"@type":"ListItem","position":1,"name":"Home","item":"https:\/\/www.nailobrewing.fi\/en\/"},{"@type":"ListItem","position":2,"name":"Retailers"}]},{"@type":"WebSite","@id":"https:\/\/www.nailobrewing.fi\/en\/#website","url":"https:\/\/www.nailobrewing.fi\/en\/","name":"na\u00eflo brewing co.","description":"","publisher":{"@id":"https:\/\/www.nailobrewing.fi\/en\/#organization"},"potentialAction":[{"@type":"SearchAction","target":{"@type":"EntryPoint","urlTemplate":"https:\/\/www.nailobrewing.fi\/en\/?s={search_term_string}"},"query-input":{"@type":"PropertyValueSpecification","valueRequired":true,"valueName":"search_term_string"}}],"inLanguage":"en-US"},{"@type":"Organization","@id":"https:\/\/www.nailobrewing.fi\/en\/#organization","name":"na\u00eflo brewing co.","url":"https:\/\/www.nailobrewing.fi\/en\/","logo":{"@type":"ImageObject","inLanguage":"en-US","@id":"https:\/\/www.nailobrewing.fi\/en\/#\/schema\/logo\/image\/","url":"https:\/\/www.nailobrewing.fi\/wp-content\/uploads\/2023\/09\/nailo-logo.png","contentUrl":"https:\/\/www.nailobrewing.fi\/wp-content\/uploads\/2023\/09\/nailo-logo.png","width":300,"height":567,"caption":"na\u00eflo brewing co."},"image":{"@id":"https:\/\/www.nailobrewing.fi\/en\/#\/schema\/logo\/image\/"},"sameAs":["https:\/\/www.facebook.com\/nailobrewingco\/"]}]}},"jetpack_sharing_enabled":true,"_links":{"self":[{"href":"https:\/\/www.nailobrewing.fi\/en\/wp-json\/wp\/v2\/pages\/1032","targetHints":{"allow":["GET"]}}],"collection":[{"href":"https:\/\/www.nailobrewing.fi\/en\/wp-json\/wp\/v2\/pages"}],"about":[{"href":"https:\/\/www.nailobrewing.fi\/en\/wp-json\/wp\/v2\/types\/page"}],"author":[{"embeddable":true,"href":"https:\/\/www.nailobrewing.fi\/en\/wp-json\/wp\/v2\/users\/2"}],"replies":[{"embeddable":true,"href":"https:\/\/www.nailobrewing.fi\/en\/wp-json\/wp\/v2\/comments?post=1032"}],"version-history":[{"count":1,"href":"https:\/\/www.nailobrewing.fi\/en\/wp-json\/wp\/v2\/pages\/1032\/revisions"}],"predecessor-version":[{"id":2350,"href":"https:\/\/www.nailobrewing.fi\/en\/wp-json\/wp\/v2\/pages\/1032\/revisions\/2350"}],"wp:attachment":[{"href":"https:\/\/www.nailobrewing.fi\/en\/wp-json\/wp\/v2\/media?parent=1032"}],"curies":[{"name":"wp","href":"https:\/\/api.w.org\/{rel}","templated":true}]}}